{"id":8134,"date":"2025-09-08T04:20:54","date_gmt":"2025-09-08T04:20:54","guid":{"rendered":"https:\/\/broker-inspect.com\/reviews\/ig-broker-review-maitriser-les-marches-avec-une-technologie-et-un-support-de-pointe\/"},"modified":"2025-09-22T15:01:22","modified_gmt":"2025-09-22T15:01:22","slug":"ig-broker-review-maitriser-les-marches-avec-une-technologie-et-un-support-de-pointe","status":"publish","type":"product","link":"https:\/\/broker-inspect.com\/fr\/avis\/ig-broker-review-maitriser-les-marches-avec-une-technologie-et-un-support-de-pointe\/","title":{"rendered":"IG Broker Review : Ma\u00eetriser les march\u00e9s avec une technologie et un support de pointe"},"excerpt":{"rendered":"<p><span style=\"font-weight: 400;\">IG a \u00e9t\u00e9 fond\u00e9e \u00e0 Londres en 1974 et son si\u00e8ge social est situ\u00e9 \u00e0 Londres, au Royaume-Uni. Il est devenu un courtier de trading en ligne de premier plan au monde (une soci\u00e9t\u00e9 du FTSE 250) au service de centaines de milliers de clients. IG offre un large acc\u00e8s au march\u00e9 (+ de 17 000 instruments) et a re\u00e7u des prix pour ses plateformes et ses services. La soci\u00e9t\u00e9 est connue comme le fournisseur mondial de CFD de d\u00e9tail, et son palmar\u00e8s comprend cinq d\u00e9cennies d\u2019innovation dans le trading financier. <\/span><\/p>\n","protected":false},"author":7,"featured_media":4656,"comment_status":"open","ping_status":"closed","template":"","meta":{"_acf_changed":false,"_gspb_post_css":""},"store":[],"product_brand":[],"product_cat":[162],"product_tag":[],"class_list":{"0":"post-8134","1":"product","2":"type-product","3":"status-publish","4":"has-post-thumbnail","6":"product_cat-courtiers-forex","8":"first","9":"instock","10":"shipping-taxable","11":"product-type-external"},"acf":[],"yoast_head":"<!-- This site is optimized with the Yoast SEO Premium plugin v23.6 (Yoast SEO v26.8) - https:\/\/yoast.com\/product\/yoast-seo-premium-wordpress\/ -->\n<title>IG Broker Review : Une plateforme de trading compl\u00e8te<\/title>\n<meta name=\"description\" content=\"D\u00e9couvrez IG, un courtier de premier plan offrant un acc\u00e8s \u00e0 17 000+ march\u00e9s, des outils de trading avanc\u00e9s et une conformit\u00e9 r\u00e9glementaire robuste.\" \/>\n<meta name=\"robots\" content=\"index, follow, max-snippet:-1, max-image-preview:large, max-video-preview:-1\" \/>\n<link rel=\"canonical\" href=\"https:\/\/broker-inspect.com\/fr\/avis\/ig-broker-review-maitriser-les-marches-avec-une-technologie-et-un-support-de-pointe\/\" \/>\n<meta property=\"og:locale\" content=\"fr_FR\" \/>\n<meta property=\"og:type\" content=\"article\" \/>\n<meta property=\"og:title\" content=\"IG Broker Review : Ma\u00eetriser les march\u00e9s avec une technologie et un support de pointe\" \/>\n<meta property=\"og:description\" content=\"D\u00e9couvrez IG, un courtier de premier plan offrant un acc\u00e8s \u00e0 17 000+ march\u00e9s, des outils de trading avanc\u00e9s et une conformit\u00e9 r\u00e9glementaire robuste.\" \/>\n<meta property=\"og:url\" content=\"https:\/\/broker-inspect.com\/fr\/avis\/ig-broker-review-maitriser-les-marches-avec-une-technologie-et-un-support-de-pointe\/\" \/>\n<meta property=\"og:site_name\" content=\"Broker Inspect\" \/>\n<meta property=\"article:modified_time\" content=\"2025-09-22T15:01:22+00:00\" \/>\n<meta property=\"og:image\" content=\"https:\/\/broker-inspect.com\/wp-content\/uploads\/2024\/11\/ig-1.png\" \/>\n\t<meta property=\"og:image:width\" content=\"100\" \/>\n\t<meta property=\"og:image:height\" content=\"100\" \/>\n\t<meta property=\"og:image:type\" content=\"image\/png\" \/>\n<meta name=\"twitter:card\" content=\"summary_large_image\" \/>\n<meta name=\"twitter:label1\" content=\"Dur\u00e9e de lecture estim\u00e9e\" \/>\n\t<meta name=\"twitter:data1\" content=\"1 minute\" \/>\n<script type=\"application\/ld+json\" class=\"yoast-schema-graph\">{\"@context\":\"https:\/\/schema.org\",\"@graph\":[{\"@type\":\"WebPage\",\"@id\":\"https:\/\/broker-inspect.com\/fr\/avis\/ig-broker-review-maitriser-les-marches-avec-une-technologie-et-un-support-de-pointe\/\",\"url\":\"https:\/\/broker-inspect.com\/fr\/avis\/ig-broker-review-maitriser-les-marches-avec-une-technologie-et-un-support-de-pointe\/\",\"name\":\"IG Broker Review : Une plateforme de trading compl\u00e8te\",\"isPartOf\":{\"@id\":\"https:\/\/broker-inspect.com\/fr\/#website\"},\"primaryImageOfPage\":{\"@id\":\"https:\/\/broker-inspect.com\/fr\/avis\/ig-broker-review-maitriser-les-marches-avec-une-technologie-et-un-support-de-pointe\/#primaryimage\"},\"image\":{\"@id\":\"https:\/\/broker-inspect.com\/fr\/avis\/ig-broker-review-maitriser-les-marches-avec-une-technologie-et-un-support-de-pointe\/#primaryimage\"},\"thumbnailUrl\":\"https:\/\/broker-inspect.com\/wp-content\/uploads\/2024\/11\/ig-1.png\",\"datePublished\":\"2025-09-08T04:20:54+00:00\",\"dateModified\":\"2025-09-22T15:01:22+00:00\",\"description\":\"D\u00e9couvrez IG, un courtier de premier plan offrant un acc\u00e8s \u00e0 17 000+ march\u00e9s, des outils de trading avanc\u00e9s et une conformit\u00e9 r\u00e9glementaire robuste.\",\"breadcrumb\":{\"@id\":\"https:\/\/broker-inspect.com\/fr\/avis\/ig-broker-review-maitriser-les-marches-avec-une-technologie-et-un-support-de-pointe\/#breadcrumb\"},\"inLanguage\":\"fr-FR\",\"potentialAction\":[{\"@type\":\"ReadAction\",\"target\":[\"https:\/\/broker-inspect.com\/fr\/avis\/ig-broker-review-maitriser-les-marches-avec-une-technologie-et-un-support-de-pointe\/\"]}]},{\"@type\":\"ImageObject\",\"inLanguage\":\"fr-FR\",\"@id\":\"https:\/\/broker-inspect.com\/fr\/avis\/ig-broker-review-maitriser-les-marches-avec-une-technologie-et-un-support-de-pointe\/#primaryimage\",\"url\":\"https:\/\/broker-inspect.com\/wp-content\/uploads\/2024\/11\/ig-1.png\",\"contentUrl\":\"https:\/\/broker-inspect.com\/wp-content\/uploads\/2024\/11\/ig-1.png\",\"width\":100,\"height\":100},{\"@type\":\"BreadcrumbList\",\"@id\":\"https:\/\/broker-inspect.com\/fr\/avis\/ig-broker-review-maitriser-les-marches-avec-une-technologie-et-un-support-de-pointe\/#breadcrumb\",\"itemListElement\":[{\"@type\":\"ListItem\",\"position\":1,\"name\":\"Accueil\",\"item\":\"https:\/\/broker-inspect.com\/fr\/\"},{\"@type\":\"ListItem\",\"position\":2,\"name\":\"IG Broker Review : Ma\u00eetriser les march\u00e9s avec une technologie et un support de pointe\"}]},{\"@type\":\"WebSite\",\"@id\":\"https:\/\/broker-inspect.com\/fr\/#website\",\"url\":\"https:\/\/broker-inspect.com\/fr\/\",\"name\":\"Broker Inspect\",\"description\":\"Expert Forex Broker Reviews &amp; Trusted Insights\",\"publisher\":{\"@id\":\"https:\/\/broker-inspect.com\/fr\/#organization\"},\"potentialAction\":[{\"@type\":\"SearchAction\",\"target\":{\"@type\":\"EntryPoint\",\"urlTemplate\":\"https:\/\/broker-inspect.com\/fr\/?s={search_term_string}\"},\"query-input\":{\"@type\":\"PropertyValueSpecification\",\"valueRequired\":true,\"valueName\":\"search_term_string\"}}],\"inLanguage\":\"fr-FR\"},{\"@type\":\"Organization\",\"@id\":\"https:\/\/broker-inspect.com\/fr\/#organization\",\"name\":\"Broker Inspect\",\"url\":\"https:\/\/broker-inspect.com\/fr\/\",\"logo\":{\"@type\":\"ImageObject\",\"inLanguage\":\"fr-FR\",\"@id\":\"https:\/\/broker-inspect.com\/fr\/#\/schema\/logo\/image\/\",\"url\":\"https:\/\/broker-inspect.com\/wp-content\/uploads\/2024\/11\/brokerinspect1-Copy-Photoroom.png\",\"contentUrl\":\"https:\/\/broker-inspect.com\/wp-content\/uploads\/2024\/11\/brokerinspect1-Copy-Photoroom.png\",\"width\":400,\"height\":100,\"caption\":\"Broker Inspect\"},\"image\":{\"@id\":\"https:\/\/broker-inspect.com\/fr\/#\/schema\/logo\/image\/\"}}]}<\/script>\n<!-- \/ Yoast SEO Premium plugin. -->","yoast_head_json":{"title":"IG Broker Review : Une plateforme de trading compl\u00e8te","description":"D\u00e9couvrez IG, un courtier de premier plan offrant un acc\u00e8s \u00e0 17 000+ march\u00e9s, des outils de trading avanc\u00e9s et une conformit\u00e9 r\u00e9glementaire robuste.","robots":{"index":"index","follow":"follow","max-snippet":"max-snippet:-1","max-image-preview":"max-image-preview:large","max-video-preview":"max-video-preview:-1"},"canonical":"https:\/\/broker-inspect.com\/fr\/avis\/ig-broker-review-maitriser-les-marches-avec-une-technologie-et-un-support-de-pointe\/","og_locale":"fr_FR","og_type":"article","og_title":"IG Broker Review : Ma\u00eetriser les march\u00e9s avec une technologie et un support de pointe","og_description":"D\u00e9couvrez IG, un courtier de premier plan offrant un acc\u00e8s \u00e0 17 000+ march\u00e9s, des outils de trading avanc\u00e9s et une conformit\u00e9 r\u00e9glementaire robuste.","og_url":"https:\/\/broker-inspect.com\/fr\/avis\/ig-broker-review-maitriser-les-marches-avec-une-technologie-et-un-support-de-pointe\/","og_site_name":"Broker Inspect","article_modified_time":"2025-09-22T15:01:22+00:00","og_image":[{"width":100,"height":100,"url":"https:\/\/broker-inspect.com\/wp-content\/uploads\/2024\/11\/ig-1.png","type":"image\/png"}],"twitter_card":"summary_large_image","twitter_misc":{"Dur\u00e9e de lecture estim\u00e9e":"1 minute"},"schema":{"@context":"https:\/\/schema.org","@graph":[{"@type":"WebPage","@id":"https:\/\/broker-inspect.com\/fr\/avis\/ig-broker-review-maitriser-les-marches-avec-une-technologie-et-un-support-de-pointe\/","url":"https:\/\/broker-inspect.com\/fr\/avis\/ig-broker-review-maitriser-les-marches-avec-une-technologie-et-un-support-de-pointe\/","name":"IG Broker Review : Une plateforme de trading compl\u00e8te","isPartOf":{"@id":"https:\/\/broker-inspect.com\/fr\/#website"},"primaryImageOfPage":{"@id":"https:\/\/broker-inspect.com\/fr\/avis\/ig-broker-review-maitriser-les-marches-avec-une-technologie-et-un-support-de-pointe\/#primaryimage"},"image":{"@id":"https:\/\/broker-inspect.com\/fr\/avis\/ig-broker-review-maitriser-les-marches-avec-une-technologie-et-un-support-de-pointe\/#primaryimage"},"thumbnailUrl":"https:\/\/broker-inspect.com\/wp-content\/uploads\/2024\/11\/ig-1.png","datePublished":"2025-09-08T04:20:54+00:00","dateModified":"2025-09-22T15:01:22+00:00","description":"D\u00e9couvrez IG, un courtier de premier plan offrant un acc\u00e8s \u00e0 17 000+ march\u00e9s, des outils de trading avanc\u00e9s et une conformit\u00e9 r\u00e9glementaire robuste.","breadcrumb":{"@id":"https:\/\/broker-inspect.com\/fr\/avis\/ig-broker-review-maitriser-les-marches-avec-une-technologie-et-un-support-de-pointe\/#breadcrumb"},"inLanguage":"fr-FR","potentialAction":[{"@type":"ReadAction","target":["https:\/\/broker-inspect.com\/fr\/avis\/ig-broker-review-maitriser-les-marches-avec-une-technologie-et-un-support-de-pointe\/"]}]},{"@type":"ImageObject","inLanguage":"fr-FR","@id":"https:\/\/broker-inspect.com\/fr\/avis\/ig-broker-review-maitriser-les-marches-avec-une-technologie-et-un-support-de-pointe\/#primaryimage","url":"https:\/\/broker-inspect.com\/wp-content\/uploads\/2024\/11\/ig-1.png","contentUrl":"https:\/\/broker-inspect.com\/wp-content\/uploads\/2024\/11\/ig-1.png","width":100,"height":100},{"@type":"BreadcrumbList","@id":"https:\/\/broker-inspect.com\/fr\/avis\/ig-broker-review-maitriser-les-marches-avec-une-technologie-et-un-support-de-pointe\/#breadcrumb","itemListElement":[{"@type":"ListItem","position":1,"name":"Accueil","item":"https:\/\/broker-inspect.com\/fr\/"},{"@type":"ListItem","position":2,"name":"IG Broker Review : Ma\u00eetriser les march\u00e9s avec une technologie et un support de pointe"}]},{"@type":"WebSite","@id":"https:\/\/broker-inspect.com\/fr\/#website","url":"https:\/\/broker-inspect.com\/fr\/","name":"Broker Inspect","description":"Expert Forex Broker Reviews &amp; Trusted Insights","publisher":{"@id":"https:\/\/broker-inspect.com\/fr\/#organization"},"potentialAction":[{"@type":"SearchAction","target":{"@type":"EntryPoint","urlTemplate":"https:\/\/broker-inspect.com\/fr\/?s={search_term_string}"},"query-input":{"@type":"PropertyValueSpecification","valueRequired":true,"valueName":"search_term_string"}}],"inLanguage":"fr-FR"},{"@type":"Organization","@id":"https:\/\/broker-inspect.com\/fr\/#organization","name":"Broker Inspect","url":"https:\/\/broker-inspect.com\/fr\/","logo":{"@type":"ImageObject","inLanguage":"fr-FR","@id":"https:\/\/broker-inspect.com\/fr\/#\/schema\/logo\/image\/","url":"https:\/\/broker-inspect.com\/wp-content\/uploads\/2024\/11\/brokerinspect1-Copy-Photoroom.png","contentUrl":"https:\/\/broker-inspect.com\/wp-content\/uploads\/2024\/11\/brokerinspect1-Copy-Photoroom.png","width":400,"height":100,"caption":"Broker Inspect"},"image":{"@id":"https:\/\/broker-inspect.com\/fr\/#\/schema\/logo\/image\/"}}]}},"_links":{"self":[{"href":"https:\/\/broker-inspect.com\/fr\/wp-json\/wp\/v2\/product\/8134","targetHints":{"allow":["GET"]}}],"collection":[{"href":"https:\/\/broker-inspect.com\/fr\/wp-json\/wp\/v2\/product"}],"about":[{"href":"https:\/\/broker-inspect.com\/fr\/wp-json\/wp\/v2\/types\/product"}],"author":[{"embeddable":true,"href":"https:\/\/broker-inspect.com\/fr\/wp-json\/wp\/v2\/users\/7"}],"replies":[{"embeddable":true,"href":"https:\/\/broker-inspect.com\/fr\/wp-json\/wp\/v2\/comments?post=8134"}],"version-history":[{"count":3,"href":"https:\/\/broker-inspect.com\/fr\/wp-json\/wp\/v2\/product\/8134\/revisions"}],"predecessor-version":[{"id":8437,"href":"https:\/\/broker-inspect.com\/fr\/wp-json\/wp\/v2\/product\/8134\/revisions\/8437"}],"wp:featuredmedia":[{"embeddable":true,"href":"https:\/\/broker-inspect.com\/fr\/wp-json\/wp\/v2\/media\/4656"}],"wp:attachment":[{"href":"https:\/\/broker-inspect.com\/fr\/wp-json\/wp\/v2\/media?parent=8134"}],"wp:term":[{"taxonomy":"store","embeddable":true,"href":"https:\/\/broker-inspect.com\/fr\/wp-json\/wp\/v2\/store?post=8134"},{"taxonomy":"product_brand","embeddable":true,"href":"https:\/\/broker-inspect.com\/fr\/wp-json\/wp\/v2\/product_brand?post=8134"},{"taxonomy":"product_cat","embeddable":true,"href":"https:\/\/broker-inspect.com\/fr\/wp-json\/wp\/v2\/product_cat?post=8134"},{"taxonomy":"product_tag","embeddable":true,"href":"https:\/\/broker-inspect.com\/fr\/wp-json\/wp\/v2\/product_tag?post=8134"}],"curies":[{"name":"wp","href":"https:\/\/api.w.org\/{rel}","templated":true}]}}