{"id":7789,"date":"2025-08-28T11:33:29","date_gmt":"2025-08-28T11:33:29","guid":{"rendered":"https:\/\/broker-inspect.com\/clause-de-non-responsabilite\/"},"modified":"2025-08-28T11:33:29","modified_gmt":"2025-08-28T11:33:29","slug":"clause-de-non-responsabilite","status":"publish","type":"page","link":"https:\/\/broker-inspect.com\/fr\/clause-de-non-responsabilite\/","title":{"rendered":"Clause de non-responsabilit\u00e9"},"content":{"rendered":"\t\t<div data-elementor-type=\"wp-page\" data-elementor-id=\"7789\" class=\"elementor elementor-7789 elementor-6102\" data-elementor-post-type=\"page\">\n\t\t\t\t<div class=\"elementor-element elementor-element-182a59f e-flex e-con-boxed e-con e-parent\" data-id=\"182a59f\" data-element_type=\"container\">\n\t\t\t\t\t<div class=\"e-con-inner\">\n\t\t\t\t<div class=\"elementor-element elementor-element-c1fbade elementor-widget elementor-widget-heading\" data-id=\"c1fbade\" data-element_type=\"widget\" data-widget_type=\"heading.default\">\n\t\t\t\t<div class=\"elementor-widget-container\">\n\t\t\t\t\t<h2 class=\"elementor-heading-title elementor-size-default\"><b>Risques et exclusions de responsabilit\u00e9<\/b><\/h2>\t\t\t\t<\/div>\n\t\t\t\t<\/div>\n\t\t<div class=\"elementor-element elementor-element-181329e e-con-full e-flex e-con e-child\" data-id=\"181329e\" data-element_type=\"container\">\n\t\t\t\t<div class=\"elementor-element elementor-element-e8a3672 elementor-widget elementor-widget-text-editor\" data-id=\"e8a3672\" data-element_type=\"widget\" data-widget_type=\"text-editor.default\">\n\t\t\t\t<div class=\"elementor-widget-container\">\n\t\t\t\t\t\t\t\t\t<div id=\"message-list_1746426939.787759\" class=\"c-virtual_list__item\" tabindex=\"-1\" role=\"listitem\" aria-setsize=\"-1\" data-qa=\"virtual-list-item\" data-item-key=\"1746426939.787759\"><div class=\"c-message_kit__background p-message_pane_message__message c-message_kit__message\" role=\"presentation\" data-qa=\"message_container\" data-qa-unprocessed=\"false\" data-qa-placeholder=\"false\"><div class=\"c-message_kit__hover\" role=\"document\" aria-roledescription=\"message\" data-qa-hover=\"true\"><div class=\"c-message_kit__actions c-message_kit__actions--default\"><div class=\"c-message_kit__gutter\"><div class=\"c-message_kit__gutter__right\" role=\"presentation\" data-qa=\"message_content\"><div class=\"c-message_kit__blocks c-message_kit__blocks--rich_text\"><div class=\"c-message__message_blocks c-message__message_blocks--rich_text\" data-qa=\"message-text\"><div class=\"p-block_kit_renderer\" data-qa=\"block-kit-renderer\"><div class=\"p-block_kit_renderer__block_wrapper p-block_kit_renderer__block_wrapper--first\"><div class=\"p-rich_text_block\" dir=\"auto\"><div class=\"p-rich_text_section\"><div id=\"message-list_1746426939.787759\" class=\"c-virtual_list__item\" tabindex=\"-1\" role=\"listitem\" aria-setsize=\"-1\" data-qa=\"virtual-list-item\" data-item-key=\"1746426939.787759\"><div class=\"c-message_kit__background p-message_pane_message__message c-message_kit__message\" role=\"presentation\" data-qa=\"message_container\" data-qa-unprocessed=\"false\" data-qa-placeholder=\"false\"><div class=\"c-message_kit__hover\" role=\"document\" aria-roledescription=\"message\" data-qa-hover=\"true\"><div class=\"c-message_kit__actions c-message_kit__actions--default\"><div class=\"c-message_kit__gutter\"><div class=\"c-message_kit__gutter__right\" role=\"presentation\" data-qa=\"message_content\"><div class=\"c-message_kit__blocks c-message_kit__blocks--rich_text\"><div class=\"c-message__message_blocks c-message__message_blocks--rich_text\" data-qa=\"message-text\"><div class=\"p-block_kit_renderer\" data-qa=\"block-kit-renderer\"><div class=\"p-block_kit_renderer__block_wrapper p-block_kit_renderer__block_wrapper--first\"><div class=\"p-rich_text_block\" dir=\"auto\"><h2 class=\"p-rich_text_section\">  Avis de non-responsabilit\u00e9 g\u00e9n\u00e9ral :<\/h2><div class=\"p-rich_text_section\">Le contenu publi\u00e9 sur broker-inspect.com y compris les actualit\u00e9s, les critiques, les analyses, les comparaisons de courtiers, le mat\u00e9riel \u00e9ducatif et les informations de tiers, est destin\u00e9 \u00e0 des fins informatives et \u00e9ducatives uniquement. Il ne constitue pas un conseil financier, d\u2019investissement, juridique ou fiscal, ni une sollicitation ou une recommandation d\u2019achat, de vente ou de d\u00e9tention d\u2019instruments financiers.<br>Bien que nous nous efforcions d\u2019assurer l\u2019exactitude et l\u2019actualit\u00e9 des informations fournies, BrokerInspect ne peut garantir que toutes les donn\u00e9es sont \u00e0 jour, compl\u00e8tes ou sans erreur. Toute confiance dans les informations de ce site est \u00e0 vos risques et p\u00e9rils. Les utilisateurs sont seuls responsables de toutes les d\u00e9cisions prises sur la base de ce contenu. Nous vous conseillons vivement de consulter un conseiller financier qualifi\u00e9 ou un professionnel agr\u00e9\u00e9 avant de prendre des d\u00e9cisions d\u2019investissement.    <\/div><div> <\/div><h2 class=\"p-rich_text_section\">Avertissement sur les risques financiers<\/h2><div class=\"p-rich_text_section\">Le trading d\u2019instruments financiers tels que le forex, les contrats de diff\u00e9rence (CFD), les crypto-monnaies, les options et autres produits d\u00e9riv\u00e9s implique des risques substantiels et peut ne pas convenir \u00e0 tous les investisseurs. Ces produits sont souvent \u00e0 effet de levier, ce qui signifie que les profits et les pertes potentiels sont amplifi\u00e9s. Vous pourriez perdre la totalit\u00e9 ou plus que votre investissement initial.<br>Avant de vous engager dans des activit\u00e9s de trading, tenez compte de vos objectifs financiers, de votre niveau d\u2019exp\u00e9rience et de votre tol\u00e9rance au risque. N\u2019investissez pas de l\u2019argent que vous ne pouvez pas vous permettre de perdre. Comprenez la nature des instruments, le potentiel de perte et si votre situation financi\u00e8re vous permet d\u2019assumer de tels risques.<br>Les performances pass\u00e9es ne sont pas indicatives des r\u00e9sultats futurs. Aucune strat\u00e9gie, aucun syst\u00e8me ou aucun service ne peut garantir les b\u00e9n\u00e9fices ou \u00e9liminer le risque de perte sur les march\u00e9s financiers.     <\/div><h2 class=\"p-rich_text_section\">Risques li\u00e9s aux plateformes et aux technologies<\/h2><div class=\"p-rich_text_section\">Le trading en ligne comporte des risques uniques, y compris, mais sans s\u2019y limiter :<\/div><div class=\"p-rich_text_section\">\u25cf Probl\u00e8mes de connectivit\u00e9 Internet<br>\u25cf D\u00e9faillances mat\u00e9rielles ou logicielles<br>\u25cf Retards dans les flux de donn\u00e9es ou l\u2019ex\u00e9cution du syst\u00e8me<br>\u25cf Latence lors d\u2019\u00e9v\u00e9nements \u00e0 forte volatilit\u00e9<\/div><div class=\"p-rich_text_section\">BrokerInspect n\u2019op\u00e8re pas comme une plateforme de trading. Nous ne sommes pas responsables des d\u00e9faillances ou des perturbations technologiques rencontr\u00e9es par le biais des services de courtage tiers que vous pouvez utiliser. Assurez-vous toujours que votre environnement de trading est s\u00e9curis\u00e9, \u00e0 jour et stable.  <\/div><h2 class=\"p-rich_text_section\">Services et recommandations de tiers<\/h2><div class=\"p-rich_text_section\">Chez BrokerInspect, notre objectif est d\u2019aider les traders \u00e0 prendre de meilleures d\u00e9cisions en effectuant des recherches approfondies et en examinant les courtiers en ligne, les plateformes de trading et les outils. Nos connaissances sont \u00e9tay\u00e9es par une analyse ind\u00e9pendante et une expertise du secteur. Pour soutenir notre travail, nous pouvons recevoir une r\u00e9mun\u00e9ration de partenaires par le biais de relations d\u2019affiliation. Cependant, les partenaires ne peuvent pas influencer nos \u00e9valuations, opinions ou recommandations. Nos \u00e9quipes \u00e9ditoriales et de recherche fonctionnent de mani\u00e8re ind\u00e9pendante et ne participent pas aux d\u00e9cisions publicitaires ou \u00e0 la planification des campagnes. Les d\u00e9cisions d\u2019utiliser des plateformes de trading social, des services de copy trading ou des fournisseurs de signaux rel\u00e8vent enti\u00e8rement de la responsabilit\u00e9 de l\u2019investisseur individuel. Les pertes financi\u00e8res r\u00e9sultant de telles d\u00e9cisions restent de la seule responsabilit\u00e9 de l\u2019utilisateur.      <\/div><h2 class=\"p-rich_text_section\">Contenu hypoth\u00e9tique et p\u00e9dagogique :<\/h2><div class=\"p-rich_text_section\">Toute simulation, backtest, tutoriel ou performance hypoth\u00e9tique affich\u00e9e sur BrokerInspect est de nature illustrative. Ces exemples ne repr\u00e9sentent pas des r\u00e9sultats de trading r\u00e9els et ne doivent pas \u00eatre interpr\u00e9t\u00e9s comme une promesse de rendements futurs. Tous les exemples et t\u00e9moignages refl\u00e8tent des exp\u00e9riences individuelles et peuvent ne pas \u00eatre repr\u00e9sentatifs des r\u00e9sultats typiques.  <\/div><div> <\/div><h2 class=\"p-rich_text_section\">Exclusion de responsabilit\u00e9 :<\/h2><p class=\"p-rich_text_section\">BrokerInspect, y compris les membres de son \u00e9quipe, ses soci\u00e9t\u00e9s affili\u00e9es, ses contributeurs et ses partenaires, ne peut \u00eatre tenu responsable des pertes directes, indirectes, accessoires ou cons\u00e9cutives d\u00e9coulant de l\u2019utilisation de ce site Web ou de la confiance accord\u00e9e \u00e0 son contenu.<br>En poursuivant votre navigation sur ce site, vous reconnaissez que :<\/p><p class=\"p-rich_text_section\">\u25cf Vous avez lu et compris cette clause de non-responsabilit\u00e9.<br>\u25cf Vous acceptez l\u2019enti\u00e8re responsabilit\u00e9 de vos d\u00e9cisions de trading et d\u2019investissement.<br>\u25cf Vous renoncez \u00e0 toute r\u00e9clamation li\u00e9e \u00e0 des pertes financi\u00e8res ou \u00e0 des dommages subis.<\/p><\/div><\/div><\/div><\/div><\/div><\/div><\/div><\/div><\/div><\/div><\/div><\/div><\/div><\/div><\/div><\/div><\/div><\/div><\/div><\/div><\/div><\/div><\/div>\t\t\t\t\t\t\t\t<\/div>\n\t\t\t\t<\/div>\n\t\t\t\t<\/div>\n\t\t\t\t\t<\/div>\n\t\t\t\t<\/div>\n\t\t\t\t<\/div>\n\t\t","protected":false},"excerpt":{"rendered":"<p>Risques et exclusions de responsabilit\u00e9 Avis de non-responsabilit\u00e9 g\u00e9n\u00e9ral : Le contenu publi\u00e9 sur broker-inspect.com y compris les actualit\u00e9s, les critiques, les analyses, les comparaisons de courtiers, le mat\u00e9riel \u00e9ducatif et les informations de tiers, est destin\u00e9 \u00e0 des fins informatives et \u00e9ducatives uniquement. Il ne constitue pas un conseil financier, d\u2019investissement, juridique ou fiscal, [&hellip;]<\/p>\n","protected":false},"author":12,"featured_media":0,"parent":0,"menu_order":0,"comment_status":"closed","ping_status":"closed","template":"","meta":{"_acf_changed":false,"_gspb_post_css":"","footnotes":""},"class_list":["post-7789","page","type-page","status-publish","hentry"],"acf":[],"yoast_head":"<!-- This site is optimized with the Yoast SEO Premium plugin v23.6 (Yoast SEO v26.8) - https:\/\/yoast.com\/product\/yoast-seo-premium-wordpress\/ -->\n<title>Clause de non-responsabilit\u00e9 - Broker Inspect<\/title>\n<meta name=\"robots\" content=\"index, follow, max-snippet:-1, max-image-preview:large, max-video-preview:-1\" \/>\n<link rel=\"canonical\" href=\"https:\/\/broker-inspect.com\/fr\/clause-de-non-responsabilite\/\" \/>\n<meta property=\"og:locale\" content=\"fr_FR\" \/>\n<meta property=\"og:type\" content=\"article\" \/>\n<meta property=\"og:title\" content=\"Clause de non-responsabilit\u00e9\" \/>\n<meta property=\"og:description\" content=\"Risques et exclusions de responsabilit\u00e9 Avis de non-responsabilit\u00e9 g\u00e9n\u00e9ral : Le contenu publi\u00e9 sur broker-inspect.com y compris les actualit\u00e9s, les critiques, les analyses, les comparaisons de courtiers, le mat\u00e9riel \u00e9ducatif et les informations de tiers, est destin\u00e9 \u00e0 des fins informatives et \u00e9ducatives uniquement. Il ne constitue pas un conseil financier, d\u2019investissement, juridique ou fiscal, [&hellip;]\" \/>\n<meta property=\"og:url\" content=\"https:\/\/broker-inspect.com\/fr\/clause-de-non-responsabilite\/\" \/>\n<meta property=\"og:site_name\" content=\"Broker Inspect\" \/>\n<meta name=\"twitter:card\" content=\"summary_large_image\" \/>\n<meta name=\"twitter:label1\" content=\"Dur\u00e9e de lecture estim\u00e9e\" \/>\n\t<meta name=\"twitter:data1\" content=\"4 minutes\" \/>\n<script type=\"application\/ld+json\" class=\"yoast-schema-graph\">{\"@context\":\"https:\/\/schema.org\",\"@graph\":[{\"@type\":\"WebPage\",\"@id\":\"https:\/\/broker-inspect.com\/fr\/clause-de-non-responsabilite\/\",\"url\":\"https:\/\/broker-inspect.com\/fr\/clause-de-non-responsabilite\/\",\"name\":\"Clause de non-responsabilit\u00e9 - Broker Inspect\",\"isPartOf\":{\"@id\":\"https:\/\/broker-inspect.com\/fr\/#website\"},\"datePublished\":\"2025-08-28T11:33:29+00:00\",\"breadcrumb\":{\"@id\":\"https:\/\/broker-inspect.com\/fr\/clause-de-non-responsabilite\/#breadcrumb\"},\"inLanguage\":\"fr-FR\",\"potentialAction\":[{\"@type\":\"ReadAction\",\"target\":[\"https:\/\/broker-inspect.com\/fr\/clause-de-non-responsabilite\/\"]}]},{\"@type\":\"BreadcrumbList\",\"@id\":\"https:\/\/broker-inspect.com\/fr\/clause-de-non-responsabilite\/#breadcrumb\",\"itemListElement\":[{\"@type\":\"ListItem\",\"position\":1,\"name\":\"Accueil\",\"item\":\"https:\/\/broker-inspect.com\/fr\/\"},{\"@type\":\"ListItem\",\"position\":2,\"name\":\"Clause de non-responsabilit\u00e9\"}]},{\"@type\":\"WebSite\",\"@id\":\"https:\/\/broker-inspect.com\/fr\/#website\",\"url\":\"https:\/\/broker-inspect.com\/fr\/\",\"name\":\"Broker Inspect\",\"description\":\"Expert Forex Broker Reviews &amp; Trusted Insights\",\"publisher\":{\"@id\":\"https:\/\/broker-inspect.com\/fr\/#organization\"},\"potentialAction\":[{\"@type\":\"SearchAction\",\"target\":{\"@type\":\"EntryPoint\",\"urlTemplate\":\"https:\/\/broker-inspect.com\/fr\/?s={search_term_string}\"},\"query-input\":{\"@type\":\"PropertyValueSpecification\",\"valueRequired\":true,\"valueName\":\"search_term_string\"}}],\"inLanguage\":\"fr-FR\"},{\"@type\":\"Organization\",\"@id\":\"https:\/\/broker-inspect.com\/fr\/#organization\",\"name\":\"Broker Inspect\",\"url\":\"https:\/\/broker-inspect.com\/fr\/\",\"logo\":{\"@type\":\"ImageObject\",\"inLanguage\":\"fr-FR\",\"@id\":\"https:\/\/broker-inspect.com\/fr\/#\/schema\/logo\/image\/\",\"url\":\"https:\/\/broker-inspect.com\/wp-content\/uploads\/2024\/11\/brokerinspect1-Copy-Photoroom.png\",\"contentUrl\":\"https:\/\/broker-inspect.com\/wp-content\/uploads\/2024\/11\/brokerinspect1-Copy-Photoroom.png\",\"width\":400,\"height\":100,\"caption\":\"Broker Inspect\"},\"image\":{\"@id\":\"https:\/\/broker-inspect.com\/fr\/#\/schema\/logo\/image\/\"}}]}<\/script>\n<!-- \/ Yoast SEO Premium plugin. -->","yoast_head_json":{"title":"Clause de non-responsabilit\u00e9 - Broker Inspect","robots":{"index":"index","follow":"follow","max-snippet":"max-snippet:-1","max-image-preview":"max-image-preview:large","max-video-preview":"max-video-preview:-1"},"canonical":"https:\/\/broker-inspect.com\/fr\/clause-de-non-responsabilite\/","og_locale":"fr_FR","og_type":"article","og_title":"Clause de non-responsabilit\u00e9","og_description":"Risques et exclusions de responsabilit\u00e9 Avis de non-responsabilit\u00e9 g\u00e9n\u00e9ral : Le contenu publi\u00e9 sur broker-inspect.com y compris les actualit\u00e9s, les critiques, les analyses, les comparaisons de courtiers, le mat\u00e9riel \u00e9ducatif et les informations de tiers, est destin\u00e9 \u00e0 des fins informatives et \u00e9ducatives uniquement. Il ne constitue pas un conseil financier, d\u2019investissement, juridique ou fiscal, [&hellip;]","og_url":"https:\/\/broker-inspect.com\/fr\/clause-de-non-responsabilite\/","og_site_name":"Broker Inspect","twitter_card":"summary_large_image","twitter_misc":{"Dur\u00e9e de lecture estim\u00e9e":"4 minutes"},"schema":{"@context":"https:\/\/schema.org","@graph":[{"@type":"WebPage","@id":"https:\/\/broker-inspect.com\/fr\/clause-de-non-responsabilite\/","url":"https:\/\/broker-inspect.com\/fr\/clause-de-non-responsabilite\/","name":"Clause de non-responsabilit\u00e9 - Broker Inspect","isPartOf":{"@id":"https:\/\/broker-inspect.com\/fr\/#website"},"datePublished":"2025-08-28T11:33:29+00:00","breadcrumb":{"@id":"https:\/\/broker-inspect.com\/fr\/clause-de-non-responsabilite\/#breadcrumb"},"inLanguage":"fr-FR","potentialAction":[{"@type":"ReadAction","target":["https:\/\/broker-inspect.com\/fr\/clause-de-non-responsabilite\/"]}]},{"@type":"BreadcrumbList","@id":"https:\/\/broker-inspect.com\/fr\/clause-de-non-responsabilite\/#breadcrumb","itemListElement":[{"@type":"ListItem","position":1,"name":"Accueil","item":"https:\/\/broker-inspect.com\/fr\/"},{"@type":"ListItem","position":2,"name":"Clause de non-responsabilit\u00e9"}]},{"@type":"WebSite","@id":"https:\/\/broker-inspect.com\/fr\/#website","url":"https:\/\/broker-inspect.com\/fr\/","name":"Broker Inspect","description":"Expert Forex Broker Reviews &amp; Trusted Insights","publisher":{"@id":"https:\/\/broker-inspect.com\/fr\/#organization"},"potentialAction":[{"@type":"SearchAction","target":{"@type":"EntryPoint","urlTemplate":"https:\/\/broker-inspect.com\/fr\/?s={search_term_string}"},"query-input":{"@type":"PropertyValueSpecification","valueRequired":true,"valueName":"search_term_string"}}],"inLanguage":"fr-FR"},{"@type":"Organization","@id":"https:\/\/broker-inspect.com\/fr\/#organization","name":"Broker Inspect","url":"https:\/\/broker-inspect.com\/fr\/","logo":{"@type":"ImageObject","inLanguage":"fr-FR","@id":"https:\/\/broker-inspect.com\/fr\/#\/schema\/logo\/image\/","url":"https:\/\/broker-inspect.com\/wp-content\/uploads\/2024\/11\/brokerinspect1-Copy-Photoroom.png","contentUrl":"https:\/\/broker-inspect.com\/wp-content\/uploads\/2024\/11\/brokerinspect1-Copy-Photoroom.png","width":400,"height":100,"caption":"Broker Inspect"},"image":{"@id":"https:\/\/broker-inspect.com\/fr\/#\/schema\/logo\/image\/"}}]}},"_links":{"self":[{"href":"https:\/\/broker-inspect.com\/fr\/wp-json\/wp\/v2\/pages\/7789","targetHints":{"allow":["GET"]}}],"collection":[{"href":"https:\/\/broker-inspect.com\/fr\/wp-json\/wp\/v2\/pages"}],"about":[{"href":"https:\/\/broker-inspect.com\/fr\/wp-json\/wp\/v2\/types\/page"}],"author":[{"embeddable":true,"href":"https:\/\/broker-inspect.com\/fr\/wp-json\/wp\/v2\/users\/12"}],"replies":[{"embeddable":true,"href":"https:\/\/broker-inspect.com\/fr\/wp-json\/wp\/v2\/comments?post=7789"}],"version-history":[{"count":1,"href":"https:\/\/broker-inspect.com\/fr\/wp-json\/wp\/v2\/pages\/7789\/revisions"}],"predecessor-version":[{"id":7790,"href":"https:\/\/broker-inspect.com\/fr\/wp-json\/wp\/v2\/pages\/7789\/revisions\/7790"}],"wp:attachment":[{"href":"https:\/\/broker-inspect.com\/fr\/wp-json\/wp\/v2\/media?parent=7789"}],"curies":[{"name":"wp","href":"https:\/\/api.w.org\/{rel}","templated":true}]}}