{"id":4968,"date":"2025-02-03T10:10:52","date_gmt":"2025-02-03T10:10:52","guid":{"rendered":"https:\/\/broker-inspect.com\/politique-de-confidentialite\/"},"modified":"2025-08-28T11:30:18","modified_gmt":"2025-08-28T11:30:18","slug":"politique-de-confidentialite","status":"publish","type":"page","link":"https:\/\/broker-inspect.com\/fr\/politique-de-confidentialite\/","title":{"rendered":"politique de confidentialit\u00e9"},"content":{"rendered":"\n<p><strong>Broker Inspect (\u00ab nous \u00bb, \u00ab notre \u00bb ou \u00ab nos \u00bb) s&#8217;engage \u00e0 prot\u00e9ger votre vie priv\u00e9e. Cette politique de confidentialit\u00e9 explique comment nous collectons, utilisons, divulguons et prot\u00e9geons vos informations lorsque vous visitez notre site Web, <a href=\"https:\/\/broker-inspect.com\/fr\/\">https:\/\/broker-inspect.com<\/a> (le \u00ab Service \u00bb). En utilisant notre Service, vous consentez aux pratiques d\u00e9crites dans cette politique de confidentialit\u00e9.  <\/strong><\/p>\n\n<p>Si vous avez des questions ou des pr\u00e9occupations concernant notre politique ou nos pratiques, veuillez nous contacter \u00e0 <a href=\"https:\/\/broker-inspect.com\/fr\/contactez-nous\/\">https:\/\/broker-inspect.com\/contact-us\/<\/a> .<\/p>\n\n<h2 class=\"wp-block-heading\" id=\"interpretation-and-definitions\"><a><\/a><strong><u>Interpr\u00e9tation et d\u00e9finitions<\/u><\/strong><\/h2>\n\n<h3 class=\"wp-block-heading\" id=\"interpretation\"><a><\/a><strong>Interpr\u00e9tation<\/strong><\/h3>\n\n<p>Les mots dont la lettre initiale est en majuscule ont des significations d\u00e9finies dans cette section. Ces d\u00e9finitions s&#8217;appliquent ind\u00e9pendamment du fait que les termes apparaissent au singulier ou au pluriel. <\/p>\n\n<h3 class=\"wp-block-heading\" id=\"definitions\"><a><\/a><strong>D\u00e9finitions<\/strong><\/h3>\n\n<ul class=\"wp-block-list\">\n<li><strong>Compte<\/strong> : Un compte unique cr\u00e9\u00e9 pour acc\u00e9der \u00e0 notre Service ou \u00e0 certaines parties de notre Service.<\/li>\n\n\n\n<li><strong>Soci\u00e9t\u00e9<\/strong> : D\u00e9signe Broker Inspect, bas\u00e9 \u00e0[Insert Country] .<\/li>\n\n\n\n<li><strong>Cookies<\/strong> : Petits fichiers plac\u00e9s sur votre appareil qui collectent des donn\u00e9es sur votre utilisation du Service.<\/li>\n\n\n\n<li><strong>Appareil<\/strong> : tout appareil compatible Internet, tel qu&#8217;un ordinateur, un smartphone ou une tablette.<\/li>\n\n\n\n<li><strong>Donn\u00e9es personnelles<\/strong> : Informations qui identifient ou peuvent identifier une personne.<\/li>\n\n\n\n<li><strong>Service<\/strong> : Le site web<a href=\"https:\/\/broker-inspect.com\/fr\/\"> <\/a><a href=\"https:\/\/broker-inspect.com\/fr\/\">https:\/\/broker-inspect.com<\/a> et tous les services associ\u00e9s.<\/li>\n\n\n\n<li><strong>Donn\u00e9es d&#8217;utilisation<\/strong> : informations collect\u00e9es automatiquement, telles que votre adresse IP et votre activit\u00e9 de navigation.<\/li>\n\n\n\n<li><strong>Vous<\/strong> : La personne acc\u00e9dant au Service ou l\u2019entit\u00e9 au nom de laquelle le Service est acc\u00e9d\u00e9.<\/li>\n<\/ul>\n\n<hr class=\"wp-block-separator has-alpha-channel-opacity\"\/>\n\n<h2 class=\"wp-block-heading\" id=\"collection-of-data\"><a><\/a><strong><u>Collecte de donn\u00e9es<\/u><\/strong><\/h2>\n\n<p>Nous collectons des donn\u00e9es pour am\u00e9liorer votre exp\u00e9rience et optimiser les fonctionnalit\u00e9s de notre service. Les types de donn\u00e9es collect\u00e9es comprennent : <\/p>\n\n<h3 class=\"wp-block-heading\" id=\"1-personal-data\"><a><\/a><strong>1. Donn\u00e9es personnelles<\/strong><\/h3>\n\n<ul class=\"wp-block-list\">\n<li>Nom et coordonn\u00e9es (par exemple, adresse e-mail)<\/li>\n\n\n\n<li>Pr\u00e9f\u00e9rences de communication<\/li>\n<\/ul>\n\n<h3 class=\"wp-block-heading\" id=\"2-usage-data\"><a><\/a><strong>2. Donn\u00e9es d&#8217;utilisation<\/strong><\/h3>\n\n<ul class=\"wp-block-list\">\n<li>Adresse IP, type de navigateur et informations sur l&#8217;appareil<\/li>\n\n\n\n<li>Pages visit\u00e9es et temps pass\u00e9 sur le site<\/li>\n<\/ul>\n\n<h3 class=\"wp-block-heading\" id=\"3-cookies-and-tracking-technologies\"><a><\/a><strong>3. Cookies et technologies de suivi<\/strong><\/h3>\n\n<ul class=\"wp-block-list\">\n<li><strong>Cookies<\/strong> : Cookies persistants et de session pour am\u00e9liorer l&#8217;exp\u00e9rience utilisateur.<\/li>\n\n\n\n<li><strong>Balises Web<\/strong> : utilis\u00e9es pour le suivi et l\u2019analyse des performances.<\/li>\n<\/ul>\n\n<hr class=\"wp-block-separator has-alpha-channel-opacity\"\/>\n\n<h2 class=\"wp-block-heading\" id=\"use-of-data\"><a><\/a><strong><u>Utilisation des donn\u00e9es<\/u><\/strong><\/h2>\n\n<p>Broker Inspect utilise vos donn\u00e9es aux fins suivantes :<\/p>\n\n<ul class=\"wp-block-list\">\n<li><strong>Pour fournir et maintenir notre service<\/strong> : surveiller l&#8217;utilisation et am\u00e9liorer les fonctionnalit\u00e9s du site Web.<\/li>\n\n\n\n<li><strong>Pour g\u00e9rer les comptes utilisateurs<\/strong> : autoriser l&#8217;acc\u00e8s \u00e0 des fonctionnalit\u00e9s sp\u00e9cifiques pour les utilisateurs enregistr\u00e9s.<\/li>\n\n\n\n<li><strong>Pour communiquer avec vous<\/strong> : fournir des mises \u00e0 jour, r\u00e9pondre aux demandes de renseignements et envoyer du mat\u00e9riel promotionnel.<\/li>\n\n\n\n<li><strong>Pour respecter les obligations l\u00e9gales<\/strong> : Se prot\u00e9ger contre la fraude et assurer la s\u00e9curit\u00e9 des donn\u00e9es.<\/li>\n\n\n\n<li><strong>\u00c0 des fins d\u2019analyse et de recherche<\/strong> : \u00e9valuer et am\u00e9liorer notre site Web et nos services.<\/li>\n<\/ul>\n\n<hr class=\"wp-block-separator has-alpha-channel-opacity\"\/>\n\n<h2 class=\"wp-block-heading\" id=\"sharing-of-data\"><a><\/a><strong><u>Partage de donn\u00e9es<\/u><\/strong><\/h2>\n\n<p>Nous pouvons partager vos donn\u00e9es dans les circonstances suivantes :<\/p>\n\n<ol class=\"wp-block-list\">\n<li><strong>Avec les prestataires de services<\/strong> : fournisseurs tiers soutenant nos op\u00e9rations.<\/li>\n\n\n\n<li><strong>Pour les transactions commerciales<\/strong> : En cas de fusions, d\u2019acquisitions ou de transferts d\u2019actifs.<\/li>\n\n\n\n<li><strong>Avec des affili\u00e9s et des partenaires<\/strong> : pour des activit\u00e9s promotionnelles conjointes.<\/li>\n\n\n\n<li><strong>Avec consentement<\/strong> : lorsque vous autorisez explicitement le partage de donn\u00e9es.<\/li>\n<\/ol>\n\n<hr class=\"wp-block-separator has-alpha-channel-opacity\"\/>\n\n<h2 class=\"wp-block-heading\" id=\"data-retention\"><a><\/a><strong><u>Conservation des donn\u00e9es<\/u><\/strong><\/h2>\n\n<p>Nous conservons les donn\u00e9es personnelles uniquement aussi longtemps que n\u00e9cessaire pour atteindre les objectifs d\u00e9crits dans la pr\u00e9sente politique de confidentialit\u00e9 ou pour nous conformer aux obligations l\u00e9gales. Les donn\u00e9es d&#8217;utilisation sont g\u00e9n\u00e9ralement stock\u00e9es pendant une dur\u00e9e plus courte, sauf si elles sont utilis\u00e9es \u00e0 des fins de s\u00e9curit\u00e9 ou d&#8217;analyse. <\/p>\n\n<hr class=\"wp-block-separator has-alpha-channel-opacity\"\/>\n\n<h2 class=\"wp-block-heading\" id=\"security-of-data\"><a><\/a><strong><u>S\u00e9curit\u00e9 des donn\u00e9es<\/u><\/strong><\/h2>\n\n<p>Bien que nous prenions des mesures commercialement raisonnables pour prot\u00e9ger vos informations, aucun syst\u00e8me n&#8217;est enti\u00e8rement s\u00e9curis\u00e9. Utilisez notre service en gardant cela \u00e0 l&#8217;esprit. <\/p>\n\n<hr class=\"wp-block-separator has-alpha-channel-opacity\"\/>\n\n<h2 class=\"wp-block-heading\" id=\"your-privacy-rights\"><a><\/a><strong><u>Vos droits en mati\u00e8re de confidentialit\u00e9<\/u><\/strong><\/h2>\n\n<p>Vous avez le droit de :<\/p>\n\n<ol class=\"wp-block-list\">\n<li>Acc\u00e9dez et examinez les donn\u00e9es personnelles que nous d\u00e9tenons \u00e0 votre sujet.<\/li>\n\n\n\n<li>Demander des corrections ou des suppressions de vos donn\u00e9es.<\/li>\n\n\n\n<li>D\u00e9sinscription des communications non essentielles.<\/li>\n<\/ol>\n\n<p>Veuillez nous contacter pour obtenir de l&#8217;aide concernant l&#8217;exercice de ces droits.<\/p>\n\n<hr class=\"wp-block-separator has-alpha-channel-opacity\"\/>\n\n<h2 class=\"wp-block-heading\" id=\"links-to-third-party-websites\"><a><\/a><strong><u>Liens vers des sites Web tiers<\/u><\/strong><\/h2>\n\n<p>Notre service peut contenir des liens vers des sites externes. Nous ne sommes pas responsables des pratiques de confidentialit\u00e9 ou du contenu de ces sites Web. Consultez leurs politiques de mani\u00e8re ind\u00e9pendante.  <\/p>\n\n<hr class=\"wp-block-separator has-alpha-channel-opacity\"\/>\n\n<h2 class=\"wp-block-heading\" id=\"changes-to-this-policy\"><a><\/a><strong><u>Modifications de cette politique<\/u><\/strong><\/h2>\n\n<p>Nous nous r\u00e9servons le droit de mettre \u00e0 jour cette politique de confidentialit\u00e9 si n\u00e9cessaire. Les modifications prennent effet d\u00e8s leur publication sur cette page. Nous vous recommandons de consulter cette page r\u00e9guli\u00e8rement.  <\/p>\n\n<hr class=\"wp-block-separator has-alpha-channel-opacity\"\/>\n\n<h2 class=\"wp-block-heading\" id=\"contact-us\"><a><\/a><strong><u>Contactez-nous<\/u><\/strong><\/h2>\n\n<p>Pour toute demande de renseignements sur cette politique de confidentialit\u00e9, veuillez nous contacter via :<\/p>\n\n<p><strong>Formulaire de contact du site Web<\/strong> : <strong><a href=\"https:\/\/broker-inspect.com%20\/contact-us\/\">https:\/\/broker-inspect.com \/contact-us\/<\/a> .<\/strong><\/p>\n\n<p><strong>Courriel<\/strong> : <a href=\"mailto:support@brokerinspect.com\"><strong>support@brokerinspect.com<\/strong><\/a><\/p>\n\n<p><\/p>\n","protected":false},"excerpt":{"rendered":"<p>Broker Inspect (\u00ab nous \u00bb, \u00ab notre \u00bb ou \u00ab nos \u00bb) s&#8217;engage \u00e0 prot\u00e9ger votre vie priv\u00e9e. Cette politique de confidentialit\u00e9 explique comment nous collectons, utilisons, divulguons et prot\u00e9geons vos informations lorsque vous visitez notre site Web, https:\/\/broker-inspect.com (le \u00ab Service \u00bb). En utilisant notre Service, vous consentez aux pratiques d\u00e9crites dans cette politique [&hellip;]<\/p>\n","protected":false},"author":1,"featured_media":0,"parent":0,"menu_order":0,"comment_status":"closed","ping_status":"closed","template":"","meta":{"_acf_changed":false,"_gspb_post_css":"","footnotes":""},"class_list":["post-4968","page","type-page","status-publish","hentry"],"acf":[],"yoast_head":"<!-- This site is optimized with the Yoast SEO Premium plugin v23.6 (Yoast SEO v26.8) - https:\/\/yoast.com\/product\/yoast-seo-premium-wordpress\/ -->\n<title>Politique de confidentialit\u00e9 | Comment Broker Inspect prot\u00e8ge vos donn\u00e9es<\/title>\n<meta name=\"description\" content=\"Consultez la politique de confidentialit\u00e9 de Broker Inspect pour comprendre comment nous collectons, utilisons et prot\u00e9geons vos informations personnelles lorsque vous utilisez nos services.\" \/>\n<meta name=\"robots\" content=\"index, follow, max-snippet:-1, max-image-preview:large, max-video-preview:-1\" \/>\n<link rel=\"canonical\" href=\"https:\/\/broker-inspect.com\/fr\/politique-de-confidentialite\/\" \/>\n<meta property=\"og:locale\" content=\"fr_FR\" \/>\n<meta property=\"og:type\" content=\"article\" \/>\n<meta property=\"og:title\" content=\"politique de confidentialit\u00e9\" \/>\n<meta property=\"og:description\" content=\"Consultez la politique de confidentialit\u00e9 de Broker Inspect pour comprendre comment nous collectons, utilisons et prot\u00e9geons vos informations personnelles lorsque vous utilisez nos services.\" \/>\n<meta property=\"og:url\" content=\"https:\/\/broker-inspect.com\/fr\/politique-de-confidentialite\/\" \/>\n<meta property=\"og:site_name\" content=\"Broker Inspect\" \/>\n<meta property=\"article:modified_time\" content=\"2025-08-28T11:30:18+00:00\" \/>\n<meta name=\"twitter:card\" content=\"summary_large_image\" \/>\n<meta name=\"twitter:label1\" content=\"Dur\u00e9e de lecture estim\u00e9e\" \/>\n\t<meta name=\"twitter:data1\" content=\"3 minutes\" \/>\n<script type=\"application\/ld+json\" class=\"yoast-schema-graph\">{\"@context\":\"https:\/\/schema.org\",\"@graph\":[{\"@type\":\"WebPage\",\"@id\":\"https:\/\/broker-inspect.com\/fr\/politique-de-confidentialite\/\",\"url\":\"https:\/\/broker-inspect.com\/fr\/politique-de-confidentialite\/\",\"name\":\"Politique de confidentialit\u00e9 | Comment Broker Inspect prot\u00e8ge vos donn\u00e9es\",\"isPartOf\":{\"@id\":\"https:\/\/broker-inspect.com\/fr\/#website\"},\"datePublished\":\"2025-02-03T10:10:52+00:00\",\"dateModified\":\"2025-08-28T11:30:18+00:00\",\"description\":\"Consultez la politique de confidentialit\u00e9 de Broker Inspect pour comprendre comment nous collectons, utilisons et prot\u00e9geons vos informations personnelles lorsque vous utilisez nos services.\",\"breadcrumb\":{\"@id\":\"https:\/\/broker-inspect.com\/fr\/politique-de-confidentialite\/#breadcrumb\"},\"inLanguage\":\"fr-FR\",\"potentialAction\":[{\"@type\":\"ReadAction\",\"target\":[\"https:\/\/broker-inspect.com\/fr\/politique-de-confidentialite\/\"]}]},{\"@type\":\"BreadcrumbList\",\"@id\":\"https:\/\/broker-inspect.com\/fr\/politique-de-confidentialite\/#breadcrumb\",\"itemListElement\":[{\"@type\":\"ListItem\",\"position\":1,\"name\":\"Accueil\",\"item\":\"https:\/\/broker-inspect.com\/fr\/\"},{\"@type\":\"ListItem\",\"position\":2,\"name\":\"politique de confidentialit\u00e9\"}]},{\"@type\":\"WebSite\",\"@id\":\"https:\/\/broker-inspect.com\/fr\/#website\",\"url\":\"https:\/\/broker-inspect.com\/fr\/\",\"name\":\"Broker Inspect\",\"description\":\"Expert Forex Broker Reviews &amp; Trusted Insights\",\"publisher\":{\"@id\":\"https:\/\/broker-inspect.com\/fr\/#organization\"},\"potentialAction\":[{\"@type\":\"SearchAction\",\"target\":{\"@type\":\"EntryPoint\",\"urlTemplate\":\"https:\/\/broker-inspect.com\/fr\/?s={search_term_string}\"},\"query-input\":{\"@type\":\"PropertyValueSpecification\",\"valueRequired\":true,\"valueName\":\"search_term_string\"}}],\"inLanguage\":\"fr-FR\"},{\"@type\":\"Organization\",\"@id\":\"https:\/\/broker-inspect.com\/fr\/#organization\",\"name\":\"Broker Inspect\",\"url\":\"https:\/\/broker-inspect.com\/fr\/\",\"logo\":{\"@type\":\"ImageObject\",\"inLanguage\":\"fr-FR\",\"@id\":\"https:\/\/broker-inspect.com\/fr\/#\/schema\/logo\/image\/\",\"url\":\"https:\/\/broker-inspect.com\/wp-content\/uploads\/2024\/11\/brokerinspect1-Copy-Photoroom.png\",\"contentUrl\":\"https:\/\/broker-inspect.com\/wp-content\/uploads\/2024\/11\/brokerinspect1-Copy-Photoroom.png\",\"width\":400,\"height\":100,\"caption\":\"Broker Inspect\"},\"image\":{\"@id\":\"https:\/\/broker-inspect.com\/fr\/#\/schema\/logo\/image\/\"}}]}<\/script>\n<!-- \/ Yoast SEO Premium plugin. -->","yoast_head_json":{"title":"Politique de confidentialit\u00e9 | Comment Broker Inspect prot\u00e8ge vos donn\u00e9es","description":"Consultez la politique de confidentialit\u00e9 de Broker Inspect pour comprendre comment nous collectons, utilisons et prot\u00e9geons vos informations personnelles lorsque vous utilisez nos services.","robots":{"index":"index","follow":"follow","max-snippet":"max-snippet:-1","max-image-preview":"max-image-preview:large","max-video-preview":"max-video-preview:-1"},"canonical":"https:\/\/broker-inspect.com\/fr\/politique-de-confidentialite\/","og_locale":"fr_FR","og_type":"article","og_title":"politique de confidentialit\u00e9","og_description":"Consultez la politique de confidentialit\u00e9 de Broker Inspect pour comprendre comment nous collectons, utilisons et prot\u00e9geons vos informations personnelles lorsque vous utilisez nos services.","og_url":"https:\/\/broker-inspect.com\/fr\/politique-de-confidentialite\/","og_site_name":"Broker Inspect","article_modified_time":"2025-08-28T11:30:18+00:00","twitter_card":"summary_large_image","twitter_misc":{"Dur\u00e9e de lecture estim\u00e9e":"3 minutes"},"schema":{"@context":"https:\/\/schema.org","@graph":[{"@type":"WebPage","@id":"https:\/\/broker-inspect.com\/fr\/politique-de-confidentialite\/","url":"https:\/\/broker-inspect.com\/fr\/politique-de-confidentialite\/","name":"Politique de confidentialit\u00e9 | Comment Broker Inspect prot\u00e8ge vos donn\u00e9es","isPartOf":{"@id":"https:\/\/broker-inspect.com\/fr\/#website"},"datePublished":"2025-02-03T10:10:52+00:00","dateModified":"2025-08-28T11:30:18+00:00","description":"Consultez la politique de confidentialit\u00e9 de Broker Inspect pour comprendre comment nous collectons, utilisons et prot\u00e9geons vos informations personnelles lorsque vous utilisez nos services.","breadcrumb":{"@id":"https:\/\/broker-inspect.com\/fr\/politique-de-confidentialite\/#breadcrumb"},"inLanguage":"fr-FR","potentialAction":[{"@type":"ReadAction","target":["https:\/\/broker-inspect.com\/fr\/politique-de-confidentialite\/"]}]},{"@type":"BreadcrumbList","@id":"https:\/\/broker-inspect.com\/fr\/politique-de-confidentialite\/#breadcrumb","itemListElement":[{"@type":"ListItem","position":1,"name":"Accueil","item":"https:\/\/broker-inspect.com\/fr\/"},{"@type":"ListItem","position":2,"name":"politique de confidentialit\u00e9"}]},{"@type":"WebSite","@id":"https:\/\/broker-inspect.com\/fr\/#website","url":"https:\/\/broker-inspect.com\/fr\/","name":"Broker Inspect","description":"Expert Forex Broker Reviews &amp; Trusted Insights","publisher":{"@id":"https:\/\/broker-inspect.com\/fr\/#organization"},"potentialAction":[{"@type":"SearchAction","target":{"@type":"EntryPoint","urlTemplate":"https:\/\/broker-inspect.com\/fr\/?s={search_term_string}"},"query-input":{"@type":"PropertyValueSpecification","valueRequired":true,"valueName":"search_term_string"}}],"inLanguage":"fr-FR"},{"@type":"Organization","@id":"https:\/\/broker-inspect.com\/fr\/#organization","name":"Broker Inspect","url":"https:\/\/broker-inspect.com\/fr\/","logo":{"@type":"ImageObject","inLanguage":"fr-FR","@id":"https:\/\/broker-inspect.com\/fr\/#\/schema\/logo\/image\/","url":"https:\/\/broker-inspect.com\/wp-content\/uploads\/2024\/11\/brokerinspect1-Copy-Photoroom.png","contentUrl":"https:\/\/broker-inspect.com\/wp-content\/uploads\/2024\/11\/brokerinspect1-Copy-Photoroom.png","width":400,"height":100,"caption":"Broker Inspect"},"image":{"@id":"https:\/\/broker-inspect.com\/fr\/#\/schema\/logo\/image\/"}}]}},"_links":{"self":[{"href":"https:\/\/broker-inspect.com\/fr\/wp-json\/wp\/v2\/pages\/4968","targetHints":{"allow":["GET"]}}],"collection":[{"href":"https:\/\/broker-inspect.com\/fr\/wp-json\/wp\/v2\/pages"}],"about":[{"href":"https:\/\/broker-inspect.com\/fr\/wp-json\/wp\/v2\/types\/page"}],"author":[{"embeddable":true,"href":"https:\/\/broker-inspect.com\/fr\/wp-json\/wp\/v2\/users\/1"}],"replies":[{"embeddable":true,"href":"https:\/\/broker-inspect.com\/fr\/wp-json\/wp\/v2\/comments?post=4968"}],"version-history":[{"count":1,"href":"https:\/\/broker-inspect.com\/fr\/wp-json\/wp\/v2\/pages\/4968\/revisions"}],"predecessor-version":[{"id":4969,"href":"https:\/\/broker-inspect.com\/fr\/wp-json\/wp\/v2\/pages\/4968\/revisions\/4969"}],"wp:attachment":[{"href":"https:\/\/broker-inspect.com\/fr\/wp-json\/wp\/v2\/media?parent=4968"}],"curies":[{"name":"wp","href":"https:\/\/api.w.org\/{rel}","templated":true}]}}