{"id":4950,"date":"2025-02-03T09:03:56","date_gmt":"2025-02-03T09:03:56","guid":{"rendered":"https:\/\/broker-inspect.com\/termes-et-conditions\/"},"modified":"2025-08-28T11:31:15","modified_gmt":"2025-08-28T11:31:15","slug":"termes-et-conditions","status":"publish","type":"page","link":"https:\/\/broker-inspect.com\/fr\/termes-et-conditions\/","title":{"rendered":"Termes et conditions"},"content":{"rendered":"\n<h2 class=\"wp-block-heading\" id=\"h-interpretation-and-definitions\"><strong><u>Interpr\u00e9tation et d\u00e9finitions<\/u><\/strong><\/h2>\n\n<h3 class=\"wp-block-heading\" id=\"h-interpretation\"><a><\/a><strong>Interpr\u00e9tation<\/strong><\/h3>\n\n<p>Les mots commen\u00e7ant par une majuscule ont des significations sp\u00e9cifiques d\u00e9finies dans ce document. Ces d\u00e9finitions s&#8217;appliquent ind\u00e9pendamment de leur emploi au singulier ou au pluriel. <\/p>\n\n<h3 class=\"wp-block-heading\" id=\"h-definitions\"><a><\/a><strong>D\u00e9finitions<\/strong><\/h3>\n\n<p>Pour les pr\u00e9sentes conditions g\u00e9n\u00e9rales :<\/p>\n\n<ul class=\"wp-block-list\">\n<li><strong>Affili\u00e9<\/strong> : Entit\u00e9 qui contr\u00f4le, est contr\u00f4l\u00e9e par ou est sous contr\u00f4le commun avec une partie. Le \u00ab contr\u00f4le \u00bb implique la propri\u00e9t\u00e9 d&#8217;au moins 50 % des actions ou des int\u00e9r\u00eats avec droit de vote. <\/li>\n\n\n\n<li><strong>Pays<\/strong> : D\u00e9signe l&#8217;Afrique du Sud.<\/li>\n\n\n\n<li><strong>Soci\u00e9t\u00e9<\/strong> : d\u00e9signe Broker Inspect, op\u00e9rant sous les noms \u00ab Nous \u00bb, \u00ab Nos \u00bb ou \u00ab Notre \u00bb dans le pr\u00e9sent Contrat.<\/li>\n\n\n\n<li><strong>Appareil<\/strong> : Tout outil, y compris les ordinateurs, les t\u00e9l\u00e9phones mobiles ou les tablettes, capable d\u2019acc\u00e9der au Service.<\/li>\n\n\n\n<li><strong>Service<\/strong> : Le contenu, les outils et les informations fournis via le site Web.<\/li>\n\n\n\n<li><strong>Conditions g\u00e9n\u00e9rales<\/strong> (ou \u00ab Conditions \u00bb) : Ces r\u00e8gles r\u00e9gissant l&#8217;utilisation du Service.<\/li>\n\n\n\n<li><strong>Services tiers<\/strong> : Contenu, outils ou services propos\u00e9s par des entit\u00e9s tierces, accessibles via le Site Web.<\/li>\n\n\n\n<li><strong>Website<\/strong>: The Broker Inspect platform, available at<a href=\"https:\/\/broker-inspect.com\/fr\/\"> <\/a><a href=\"https:\/\/broker-inspect.com\/fr\/\">https:\/\/broker-inspect.com\/<\/a>.<\/li>\n\n\n\n<li><strong>Vous<\/strong> : D\u00e9signe l\u2019utilisateur, le visiteur ou l\u2019entit\u00e9 acc\u00e9dant au Service.<\/li>\n<\/ul>\n\n<hr class=\"wp-block-separator has-alpha-channel-opacity\"\/>\n\n<h2 class=\"wp-block-heading\" id=\"h-acknowledgment\"><a><\/a><strong><u>Reconnaissance<\/u><\/strong><\/h2>\n\n<p>En acc\u00e9dant au Service ou en l&#8217;utilisant, vous acceptez les pr\u00e9sentes Conditions. Si vous n&#8217;\u00eates pas d&#8217;accord, vous devez vous abstenir d&#8217;utiliser le Site Web. <\/p>\n\n<ol class=\"wp-block-list\">\n<li><strong>\u00c9ligibilit\u00e9<\/strong> : Le Service est uniquement disponible pour les utilisateurs \u00e2g\u00e9s de 18 ans et plus.<\/li>\n\n\n\n<li><strong>Confidentialit\u00e9<\/strong> : L&#8217;utilisation du Service est soumise \u00e0 notre Politique de confidentialit\u00e9, qui d\u00e9crit comment nous collectons et g\u00e9rons vos donn\u00e9es.<\/li>\n<\/ol>\n\n<hr class=\"wp-block-separator has-alpha-channel-opacity\"\/>\n\n<h2 class=\"wp-block-heading\" id=\"h-links-to-third-party-websites\"><a><\/a><strong><u>Liens vers des sites Web tiers<\/u><\/strong><\/h2>\n\n<p>Le site Web peut contenir des liens vers des sites Web ou des services externes pour la commodit\u00e9 de l&#8217;utilisateur. La Soci\u00e9t\u00e9 n&#8217;approuve ni n&#8217;assume la responsabilit\u00e9 du contenu, des politiques ou des services de tiers. Les utilisateurs doivent consulter les conditions et les politiques de confidentialit\u00e9 de ces plateformes avant de s&#8217;engager.  <\/p>\n\n<hr class=\"wp-block-separator has-alpha-channel-opacity\"\/>\n\n<h2 class=\"wp-block-heading\" id=\"h-termination\"><a><\/a><strong><u>Terminaison<\/u><\/strong><\/h2>\n\n<p>Nous pouvons suspendre ou r\u00e9silier votre acc\u00e8s sans pr\u00e9avis si vous violez ces conditions ou si vous vous engagez dans des activit\u00e9s interdites.<\/p>\n\n<hr class=\"wp-block-separator has-alpha-channel-opacity\"\/>\n\n<h2 class=\"wp-block-heading\" id=\"h-limitation-of-liability\"><a><\/a><strong><u>Limitation de responsabilit\u00e9<\/u><\/strong><\/h2>\n\n<p>Dans toute la mesure permise par la loi, la Soci\u00e9t\u00e9 et ses soci\u00e9t\u00e9s affili\u00e9es d\u00e9clinent toute responsabilit\u00e9 pour :<\/p>\n\n<ul class=\"wp-block-list\">\n<li>Dommages indirects, accessoires ou cons\u00e9cutifs d\u00e9coulant de l\u2019utilisation du Service.<\/li>\n\n\n\n<li>Perte de b\u00e9n\u00e9fices, de donn\u00e9es ou d\u2019informations.<\/li>\n<\/ul>\n\n<p>Notre responsabilit\u00e9, si elle est prouv\u00e9e, est plafonn\u00e9e au montant le plus \u00e9lev\u00e9 entre 1 500 R ou le montant total que vous avez pay\u00e9 pour acc\u00e9der au Service.<\/p>\n\n<hr class=\"wp-block-separator has-alpha-channel-opacity\"\/>\n\n<h2 class=\"wp-block-heading\" id=\"h-disclaimer\"><a><\/a><strong><u>Clause de non-responsabilit\u00e9<\/u><\/strong><\/h2>\n\n<p>Le Service est fourni \u00ab EN L&#8217;\u00c9TAT \u00bb et \u00ab TEL QUE DISPONIBLE \u00bb sans aucune garantie d&#8217;exactitude, de fiabilit\u00e9 ou de fonctionnalit\u00e9. Cela inclut la compatibilit\u00e9 avec tout appareil ou syst\u00e8me. <\/p>\n\n<hr class=\"wp-block-separator has-alpha-channel-opacity\"\/>\n\n<h2 class=\"wp-block-heading\" id=\"h-governing-law\"><a><\/a><strong><u>Loi applicable<\/u><\/strong><\/h2>\n\n<p>Les pr\u00e9sentes conditions g\u00e9n\u00e9rales sont r\u00e9gies par le droit sud-africain, \u00e0 l&#8217;exclusion des principes de conflits de lois. Les utilisateurs situ\u00e9s hors d&#8217;Afrique du Sud doivent se conformer aux lois locales lorsqu&#8217;ils utilisent le service. <\/p>\n\n<hr class=\"wp-block-separator has-alpha-channel-opacity\"\/>\n\n<h2 class=\"wp-block-heading\" id=\"h-dispute-resolution\"><a><\/a><strong><u>R\u00e9solution des litiges<\/u><\/strong><\/h2>\n\n<p>Les litiges doivent d&#8217;abord \u00eatre r\u00e9solus de mani\u00e8re informelle en contactant le service d&#8217;assistance. Les litiges non r\u00e9solus peuvent faire l&#8217;objet d&#8217;une m\u00e9diation ou d&#8217;une proc\u00e9dure judiciaire devant les tribunaux sud-africains. <\/p>\n\n<hr class=\"wp-block-separator has-alpha-channel-opacity\"\/>\n\n<h2 class=\"wp-block-heading\" id=\"h-severabilit-y\"><strong><u>Divisibilit\u00e9<\/u><\/strong><\/h2>\n\n<p>Si une disposition est jug\u00e9e inapplicable, les dispositions restantes restent en vigueur.<\/p>\n\n<hr class=\"wp-block-separator has-alpha-channel-opacity\"\/>\n\n<h2 class=\"wp-block-heading\" id=\"h-changes-to-terms\"><a><\/a><strong><u>Modifications des conditions<\/u><\/strong><\/h2>\n\n<p>Nous pouvons r\u00e9viser ces conditions \u00e0 notre discr\u00e9tion. Les changements importants seront annonc\u00e9s 30 jours avant leur mise en \u0153uvre. L&#8217;utilisation continue du site Web apr\u00e8s les r\u00e9visions implique l&#8217;acceptation des nouvelles conditions.  <\/p>\n\n<hr class=\"wp-block-separator has-alpha-channel-opacity\"\/>\n\n<h2 class=\"wp-block-heading\" id=\"h-contact-us\"><a><\/a><strong><u>Contactez-nous<\/u><\/strong><\/h2>\n\n<p>Pour toute demande de renseignements, veuillez nous contacter via :<\/p>\n\n<ul class=\"wp-block-list\">\n<li><strong>Email<\/strong>: support@broker-inspect.com<\/li>\n\n\n\n<li><strong>Contact Form<\/strong>: <a href=\"https:\/\/broker-inspect.com\/fr\/contactez-nous\/\">https:\/\/broker-inspect.com\/contact-us\/<\/a><\/li>\n<\/ul>\n\n<p><\/p>\n","protected":false},"excerpt":{"rendered":"<p>Interpr\u00e9tation et d\u00e9finitions Interpr\u00e9tation Les mots commen\u00e7ant par une majuscule ont des significations sp\u00e9cifiques d\u00e9finies dans ce document. Ces d\u00e9finitions s&#8217;appliquent ind\u00e9pendamment de leur emploi au singulier ou au pluriel. D\u00e9finitions Pour les pr\u00e9sentes conditions g\u00e9n\u00e9rales : Reconnaissance En acc\u00e9dant au Service ou en l&#8217;utilisant, vous acceptez les pr\u00e9sentes Conditions. Si vous n&#8217;\u00eates pas d&#8217;accord, [&hellip;]<\/p>\n","protected":false},"author":4,"featured_media":0,"parent":0,"menu_order":0,"comment_status":"closed","ping_status":"closed","template":"","meta":{"_acf_changed":false,"_gspb_post_css":"","footnotes":""},"class_list":["post-4950","page","type-page","status-publish","hentry"],"acf":[],"yoast_head":"<!-- This site is optimized with the Yoast SEO Premium plugin v23.6 (Yoast SEO v26.8) - https:\/\/yoast.com\/product\/yoast-seo-premium-wordpress\/ -->\n<title>Conditions g\u00e9n\u00e9rales d&#039;inspection des courtiers : r\u00e8gles de la plateforme<\/title>\n<meta name=\"description\" content=\"Consultez les conditions g\u00e9n\u00e9rales r\u00e9gissant l\u2019utilisation de Broker Inspect, y compris les avis de non-responsabilit\u00e9 juridiques et les directives de conformit\u00e9.\" \/>\n<meta name=\"robots\" content=\"index, follow, max-snippet:-1, max-image-preview:large, max-video-preview:-1\" \/>\n<link rel=\"canonical\" href=\"https:\/\/broker-inspect.com\/fr\/termes-et-conditions\/\" \/>\n<meta property=\"og:locale\" content=\"fr_FR\" \/>\n<meta property=\"og:type\" content=\"article\" \/>\n<meta property=\"og:title\" content=\"Termes et conditions\" \/>\n<meta property=\"og:description\" content=\"Consultez les conditions g\u00e9n\u00e9rales r\u00e9gissant l\u2019utilisation de Broker Inspect, y compris les avis de non-responsabilit\u00e9 juridiques et les directives de conformit\u00e9.\" \/>\n<meta property=\"og:url\" content=\"https:\/\/broker-inspect.com\/fr\/termes-et-conditions\/\" \/>\n<meta property=\"og:site_name\" content=\"Broker Inspect\" \/>\n<meta property=\"article:modified_time\" content=\"2025-08-28T11:31:15+00:00\" \/>\n<meta name=\"twitter:card\" content=\"summary_large_image\" \/>\n<meta name=\"twitter:label1\" content=\"Dur\u00e9e de lecture estim\u00e9e\" \/>\n\t<meta name=\"twitter:data1\" content=\"3 minutes\" \/>\n<script type=\"application\/ld+json\" class=\"yoast-schema-graph\">{\"@context\":\"https:\/\/schema.org\",\"@graph\":[{\"@type\":\"WebPage\",\"@id\":\"https:\/\/broker-inspect.com\/fr\/termes-et-conditions\/\",\"url\":\"https:\/\/broker-inspect.com\/fr\/termes-et-conditions\/\",\"name\":\"Conditions g\u00e9n\u00e9rales d'inspection des courtiers : r\u00e8gles de la plateforme\",\"isPartOf\":{\"@id\":\"https:\/\/broker-inspect.com\/fr\/#website\"},\"datePublished\":\"2025-02-03T09:03:56+00:00\",\"dateModified\":\"2025-08-28T11:31:15+00:00\",\"description\":\"Consultez les conditions g\u00e9n\u00e9rales r\u00e9gissant l\u2019utilisation de Broker Inspect, y compris les avis de non-responsabilit\u00e9 juridiques et les directives de conformit\u00e9.\",\"breadcrumb\":{\"@id\":\"https:\/\/broker-inspect.com\/fr\/termes-et-conditions\/#breadcrumb\"},\"inLanguage\":\"fr-FR\",\"potentialAction\":[{\"@type\":\"ReadAction\",\"target\":[\"https:\/\/broker-inspect.com\/fr\/termes-et-conditions\/\"]}]},{\"@type\":\"BreadcrumbList\",\"@id\":\"https:\/\/broker-inspect.com\/fr\/termes-et-conditions\/#breadcrumb\",\"itemListElement\":[{\"@type\":\"ListItem\",\"position\":1,\"name\":\"Accueil\",\"item\":\"https:\/\/broker-inspect.com\/fr\/\"},{\"@type\":\"ListItem\",\"position\":2,\"name\":\"Termes et conditions\"}]},{\"@type\":\"WebSite\",\"@id\":\"https:\/\/broker-inspect.com\/fr\/#website\",\"url\":\"https:\/\/broker-inspect.com\/fr\/\",\"name\":\"Broker Inspect\",\"description\":\"Expert Forex Broker Reviews &amp; Trusted Insights\",\"publisher\":{\"@id\":\"https:\/\/broker-inspect.com\/fr\/#organization\"},\"potentialAction\":[{\"@type\":\"SearchAction\",\"target\":{\"@type\":\"EntryPoint\",\"urlTemplate\":\"https:\/\/broker-inspect.com\/fr\/?s={search_term_string}\"},\"query-input\":{\"@type\":\"PropertyValueSpecification\",\"valueRequired\":true,\"valueName\":\"search_term_string\"}}],\"inLanguage\":\"fr-FR\"},{\"@type\":\"Organization\",\"@id\":\"https:\/\/broker-inspect.com\/fr\/#organization\",\"name\":\"Broker Inspect\",\"url\":\"https:\/\/broker-inspect.com\/fr\/\",\"logo\":{\"@type\":\"ImageObject\",\"inLanguage\":\"fr-FR\",\"@id\":\"https:\/\/broker-inspect.com\/fr\/#\/schema\/logo\/image\/\",\"url\":\"https:\/\/broker-inspect.com\/wp-content\/uploads\/2024\/11\/brokerinspect1-Copy-Photoroom.png\",\"contentUrl\":\"https:\/\/broker-inspect.com\/wp-content\/uploads\/2024\/11\/brokerinspect1-Copy-Photoroom.png\",\"width\":400,\"height\":100,\"caption\":\"Broker Inspect\"},\"image\":{\"@id\":\"https:\/\/broker-inspect.com\/fr\/#\/schema\/logo\/image\/\"}}]}<\/script>\n<!-- \/ Yoast SEO Premium plugin. -->","yoast_head_json":{"title":"Conditions g\u00e9n\u00e9rales d'inspection des courtiers : r\u00e8gles de la plateforme","description":"Consultez les conditions g\u00e9n\u00e9rales r\u00e9gissant l\u2019utilisation de Broker Inspect, y compris les avis de non-responsabilit\u00e9 juridiques et les directives de conformit\u00e9.","robots":{"index":"index","follow":"follow","max-snippet":"max-snippet:-1","max-image-preview":"max-image-preview:large","max-video-preview":"max-video-preview:-1"},"canonical":"https:\/\/broker-inspect.com\/fr\/termes-et-conditions\/","og_locale":"fr_FR","og_type":"article","og_title":"Termes et conditions","og_description":"Consultez les conditions g\u00e9n\u00e9rales r\u00e9gissant l\u2019utilisation de Broker Inspect, y compris les avis de non-responsabilit\u00e9 juridiques et les directives de conformit\u00e9.","og_url":"https:\/\/broker-inspect.com\/fr\/termes-et-conditions\/","og_site_name":"Broker Inspect","article_modified_time":"2025-08-28T11:31:15+00:00","twitter_card":"summary_large_image","twitter_misc":{"Dur\u00e9e de lecture estim\u00e9e":"3 minutes"},"schema":{"@context":"https:\/\/schema.org","@graph":[{"@type":"WebPage","@id":"https:\/\/broker-inspect.com\/fr\/termes-et-conditions\/","url":"https:\/\/broker-inspect.com\/fr\/termes-et-conditions\/","name":"Conditions g\u00e9n\u00e9rales d'inspection des courtiers : r\u00e8gles de la plateforme","isPartOf":{"@id":"https:\/\/broker-inspect.com\/fr\/#website"},"datePublished":"2025-02-03T09:03:56+00:00","dateModified":"2025-08-28T11:31:15+00:00","description":"Consultez les conditions g\u00e9n\u00e9rales r\u00e9gissant l\u2019utilisation de Broker Inspect, y compris les avis de non-responsabilit\u00e9 juridiques et les directives de conformit\u00e9.","breadcrumb":{"@id":"https:\/\/broker-inspect.com\/fr\/termes-et-conditions\/#breadcrumb"},"inLanguage":"fr-FR","potentialAction":[{"@type":"ReadAction","target":["https:\/\/broker-inspect.com\/fr\/termes-et-conditions\/"]}]},{"@type":"BreadcrumbList","@id":"https:\/\/broker-inspect.com\/fr\/termes-et-conditions\/#breadcrumb","itemListElement":[{"@type":"ListItem","position":1,"name":"Accueil","item":"https:\/\/broker-inspect.com\/fr\/"},{"@type":"ListItem","position":2,"name":"Termes et conditions"}]},{"@type":"WebSite","@id":"https:\/\/broker-inspect.com\/fr\/#website","url":"https:\/\/broker-inspect.com\/fr\/","name":"Broker Inspect","description":"Expert Forex Broker Reviews &amp; Trusted Insights","publisher":{"@id":"https:\/\/broker-inspect.com\/fr\/#organization"},"potentialAction":[{"@type":"SearchAction","target":{"@type":"EntryPoint","urlTemplate":"https:\/\/broker-inspect.com\/fr\/?s={search_term_string}"},"query-input":{"@type":"PropertyValueSpecification","valueRequired":true,"valueName":"search_term_string"}}],"inLanguage":"fr-FR"},{"@type":"Organization","@id":"https:\/\/broker-inspect.com\/fr\/#organization","name":"Broker Inspect","url":"https:\/\/broker-inspect.com\/fr\/","logo":{"@type":"ImageObject","inLanguage":"fr-FR","@id":"https:\/\/broker-inspect.com\/fr\/#\/schema\/logo\/image\/","url":"https:\/\/broker-inspect.com\/wp-content\/uploads\/2024\/11\/brokerinspect1-Copy-Photoroom.png","contentUrl":"https:\/\/broker-inspect.com\/wp-content\/uploads\/2024\/11\/brokerinspect1-Copy-Photoroom.png","width":400,"height":100,"caption":"Broker Inspect"},"image":{"@id":"https:\/\/broker-inspect.com\/fr\/#\/schema\/logo\/image\/"}}]}},"_links":{"self":[{"href":"https:\/\/broker-inspect.com\/fr\/wp-json\/wp\/v2\/pages\/4950","targetHints":{"allow":["GET"]}}],"collection":[{"href":"https:\/\/broker-inspect.com\/fr\/wp-json\/wp\/v2\/pages"}],"about":[{"href":"https:\/\/broker-inspect.com\/fr\/wp-json\/wp\/v2\/types\/page"}],"author":[{"embeddable":true,"href":"https:\/\/broker-inspect.com\/fr\/wp-json\/wp\/v2\/users\/4"}],"replies":[{"embeddable":true,"href":"https:\/\/broker-inspect.com\/fr\/wp-json\/wp\/v2\/comments?post=4950"}],"version-history":[{"count":3,"href":"https:\/\/broker-inspect.com\/fr\/wp-json\/wp\/v2\/pages\/4950\/revisions"}],"predecessor-version":[{"id":7788,"href":"https:\/\/broker-inspect.com\/fr\/wp-json\/wp\/v2\/pages\/4950\/revisions\/7788"}],"wp:attachment":[{"href":"https:\/\/broker-inspect.com\/fr\/wp-json\/wp\/v2\/media?parent=4950"}],"curies":[{"name":"wp","href":"https:\/\/api.w.org\/{rel}","templated":true}]}}