{"id":8433,"date":"2025-09-18T05:10:12","date_gmt":"2025-09-18T05:10:12","guid":{"rendered":"https:\/\/broker-inspect.com\/reviews\/interactive-brokers-review\/"},"modified":"2025-09-22T14:57:22","modified_gmt":"2025-09-22T14:57:22","slug":"revision-de-interactive-brokers-una-potencia-comercial-global","status":"publish","type":"product","link":"https:\/\/broker-inspect.com\/es\/rese\u00f1as\/revision-de-interactive-brokers-una-potencia-comercial-global\/","title":{"rendered":"Revisi\u00f3n de Interactive Brokers: una potencia comercial global"},"excerpt":{"rendered":"<p>Fundada en 1977 por Thomas Peterffy, Interactive Brokers (IBKR) tiene su sede en Greenwich, Connecticut. Se ha convertido en un corredor electr\u00f3nico l\u00edder, que ofrece operaciones con acciones, opciones, futuros, divisas, materias primas y m\u00e1s en 160+ mercados en todo el mundo. Con ~ $ 17.5 mil millones en capital per c\u00e1pita y calificaciones de grado de inversi\u00f3n, IBKR es conocido por su solidez financiera e innovaci\u00f3n en sistemas de negociaci\u00f3n automatizados.<\/p>\n","protected":false},"author":8,"featured_media":2757,"comment_status":"open","ping_status":"closed","template":"","meta":{"_acf_changed":false,"_gspb_post_css":""},"store":[],"product_brand":[],"product_cat":[160],"product_tag":[],"class_list":{"0":"post-8433","1":"product","2":"type-product","3":"status-publish","4":"has-post-thumbnail","6":"product_cat-corredores-de-forex","8":"first","9":"instock","10":"shipping-taxable","11":"product-type-external"},"acf":[],"yoast_head":"<!-- This site is optimized with the Yoast SEO Premium plugin v23.6 (Yoast SEO v26.8) - https:\/\/yoast.com\/product\/yoast-seo-premium-wordpress\/ -->\n<title>Revisi\u00f3n de Interactive Brokers: Plataformas de negociaci\u00f3n integrales<\/title>\n<meta name=\"description\" content=\"Descubra Interactive Brokers, una firma de corretaje l\u00edder a nivel mundial que ofrece plataformas de negociaci\u00f3n avanzadas, tarifas bajas y acceso a 150+ mercados.\" \/>\n<meta name=\"robots\" content=\"index, follow, max-snippet:-1, max-image-preview:large, max-video-preview:-1\" \/>\n<link rel=\"canonical\" href=\"https:\/\/broker-inspect.com\/es\/rese\u00f1as\/revision-de-interactive-brokers-una-potencia-comercial-global\/\" \/>\n<meta property=\"og:locale\" content=\"es_ES\" \/>\n<meta property=\"og:type\" content=\"article\" \/>\n<meta property=\"og:title\" content=\"Revisi\u00f3n de Interactive Brokers: una potencia comercial global\" \/>\n<meta property=\"og:description\" content=\"Descubra Interactive Brokers, una firma de corretaje l\u00edder a nivel mundial que ofrece plataformas de negociaci\u00f3n avanzadas, tarifas bajas y acceso a 150+ mercados.\" \/>\n<meta property=\"og:url\" content=\"https:\/\/broker-inspect.com\/es\/rese\u00f1as\/revision-de-interactive-brokers-una-potencia-comercial-global\/\" \/>\n<meta property=\"og:site_name\" content=\"Broker Inspect\" \/>\n<meta property=\"article:modified_time\" content=\"2025-09-22T14:57:22+00:00\" \/>\n<meta property=\"og:image\" content=\"https:\/\/broker-inspect.com\/wp-content\/uploads\/2024\/11\/images.png\" \/>\n\t<meta property=\"og:image:width\" content=\"180\" \/>\n\t<meta property=\"og:image:height\" content=\"180\" \/>\n\t<meta property=\"og:image:type\" content=\"image\/png\" \/>\n<meta name=\"twitter:card\" content=\"summary_large_image\" \/>\n<meta name=\"twitter:label1\" content=\"Tiempo de lectura\" \/>\n\t<meta name=\"twitter:data1\" content=\"1 minuto\" \/>\n<script type=\"application\/ld+json\" class=\"yoast-schema-graph\">{\"@context\":\"https:\/\/schema.org\",\"@graph\":[{\"@type\":\"WebPage\",\"@id\":\"https:\/\/broker-inspect.com\/es\/rese\u00f1as\/revision-de-interactive-brokers-una-potencia-comercial-global\/\",\"url\":\"https:\/\/broker-inspect.com\/es\/rese\u00f1as\/revision-de-interactive-brokers-una-potencia-comercial-global\/\",\"name\":\"Revisi\u00f3n de Interactive Brokers: Plataformas de negociaci\u00f3n integrales\",\"isPartOf\":{\"@id\":\"https:\/\/broker-inspect.com\/es\/#website\"},\"primaryImageOfPage\":{\"@id\":\"https:\/\/broker-inspect.com\/es\/rese\u00f1as\/revision-de-interactive-brokers-una-potencia-comercial-global\/#primaryimage\"},\"image\":{\"@id\":\"https:\/\/broker-inspect.com\/es\/rese\u00f1as\/revision-de-interactive-brokers-una-potencia-comercial-global\/#primaryimage\"},\"thumbnailUrl\":\"https:\/\/broker-inspect.com\/wp-content\/uploads\/2024\/11\/images.png\",\"datePublished\":\"2025-09-18T05:10:12+00:00\",\"dateModified\":\"2025-09-22T14:57:22+00:00\",\"description\":\"Descubra Interactive Brokers, una firma de corretaje l\u00edder a nivel mundial que ofrece plataformas de negociaci\u00f3n avanzadas, tarifas bajas y acceso a 150+ mercados.\",\"breadcrumb\":{\"@id\":\"https:\/\/broker-inspect.com\/es\/rese\u00f1as\/revision-de-interactive-brokers-una-potencia-comercial-global\/#breadcrumb\"},\"inLanguage\":\"es\",\"potentialAction\":[{\"@type\":\"ReadAction\",\"target\":[\"https:\/\/broker-inspect.com\/es\/rese\u00f1as\/revision-de-interactive-brokers-una-potencia-comercial-global\/\"]}]},{\"@type\":\"ImageObject\",\"inLanguage\":\"es\",\"@id\":\"https:\/\/broker-inspect.com\/es\/rese\u00f1as\/revision-de-interactive-brokers-una-potencia-comercial-global\/#primaryimage\",\"url\":\"https:\/\/broker-inspect.com\/wp-content\/uploads\/2024\/11\/images.png\",\"contentUrl\":\"https:\/\/broker-inspect.com\/wp-content\/uploads\/2024\/11\/images.png\",\"width\":180,\"height\":180},{\"@type\":\"BreadcrumbList\",\"@id\":\"https:\/\/broker-inspect.com\/es\/rese\u00f1as\/revision-de-interactive-brokers-una-potencia-comercial-global\/#breadcrumb\",\"itemListElement\":[{\"@type\":\"ListItem\",\"position\":1,\"name\":\"Inicio\",\"item\":\"https:\/\/broker-inspect.com\/es\/\"},{\"@type\":\"ListItem\",\"position\":2,\"name\":\"Revisi\u00f3n de Interactive Brokers: una potencia comercial global\"}]},{\"@type\":\"WebSite\",\"@id\":\"https:\/\/broker-inspect.com\/es\/#website\",\"url\":\"https:\/\/broker-inspect.com\/es\/\",\"name\":\"Broker Inspect\",\"description\":\"Expert Forex Broker Reviews &amp; Trusted Insights\",\"publisher\":{\"@id\":\"https:\/\/broker-inspect.com\/es\/#organization\"},\"potentialAction\":[{\"@type\":\"SearchAction\",\"target\":{\"@type\":\"EntryPoint\",\"urlTemplate\":\"https:\/\/broker-inspect.com\/es\/?s={search_term_string}\"},\"query-input\":{\"@type\":\"PropertyValueSpecification\",\"valueRequired\":true,\"valueName\":\"search_term_string\"}}],\"inLanguage\":\"es\"},{\"@type\":\"Organization\",\"@id\":\"https:\/\/broker-inspect.com\/es\/#organization\",\"name\":\"Broker Inspect\",\"url\":\"https:\/\/broker-inspect.com\/es\/\",\"logo\":{\"@type\":\"ImageObject\",\"inLanguage\":\"es\",\"@id\":\"https:\/\/broker-inspect.com\/es\/#\/schema\/logo\/image\/\",\"url\":\"https:\/\/broker-inspect.com\/wp-content\/uploads\/2024\/11\/brokerinspect1-Copy-Photoroom.png\",\"contentUrl\":\"https:\/\/broker-inspect.com\/wp-content\/uploads\/2024\/11\/brokerinspect1-Copy-Photoroom.png\",\"width\":400,\"height\":100,\"caption\":\"Broker Inspect\"},\"image\":{\"@id\":\"https:\/\/broker-inspect.com\/es\/#\/schema\/logo\/image\/\"}}]}<\/script>\n<!-- \/ Yoast SEO Premium plugin. -->","yoast_head_json":{"title":"Revisi\u00f3n de Interactive Brokers: Plataformas de negociaci\u00f3n integrales","description":"Descubra Interactive Brokers, una firma de corretaje l\u00edder a nivel mundial que ofrece plataformas de negociaci\u00f3n avanzadas, tarifas bajas y acceso a 150+ mercados.","robots":{"index":"index","follow":"follow","max-snippet":"max-snippet:-1","max-image-preview":"max-image-preview:large","max-video-preview":"max-video-preview:-1"},"canonical":"https:\/\/broker-inspect.com\/es\/rese\u00f1as\/revision-de-interactive-brokers-una-potencia-comercial-global\/","og_locale":"es_ES","og_type":"article","og_title":"Revisi\u00f3n de Interactive Brokers: una potencia comercial global","og_description":"Descubra Interactive Brokers, una firma de corretaje l\u00edder a nivel mundial que ofrece plataformas de negociaci\u00f3n avanzadas, tarifas bajas y acceso a 150+ mercados.","og_url":"https:\/\/broker-inspect.com\/es\/rese\u00f1as\/revision-de-interactive-brokers-una-potencia-comercial-global\/","og_site_name":"Broker Inspect","article_modified_time":"2025-09-22T14:57:22+00:00","og_image":[{"width":180,"height":180,"url":"https:\/\/broker-inspect.com\/wp-content\/uploads\/2024\/11\/images.png","type":"image\/png"}],"twitter_card":"summary_large_image","twitter_misc":{"Tiempo de lectura":"1 minuto"},"schema":{"@context":"https:\/\/schema.org","@graph":[{"@type":"WebPage","@id":"https:\/\/broker-inspect.com\/es\/rese\u00f1as\/revision-de-interactive-brokers-una-potencia-comercial-global\/","url":"https:\/\/broker-inspect.com\/es\/rese\u00f1as\/revision-de-interactive-brokers-una-potencia-comercial-global\/","name":"Revisi\u00f3n de Interactive Brokers: Plataformas de negociaci\u00f3n integrales","isPartOf":{"@id":"https:\/\/broker-inspect.com\/es\/#website"},"primaryImageOfPage":{"@id":"https:\/\/broker-inspect.com\/es\/rese\u00f1as\/revision-de-interactive-brokers-una-potencia-comercial-global\/#primaryimage"},"image":{"@id":"https:\/\/broker-inspect.com\/es\/rese\u00f1as\/revision-de-interactive-brokers-una-potencia-comercial-global\/#primaryimage"},"thumbnailUrl":"https:\/\/broker-inspect.com\/wp-content\/uploads\/2024\/11\/images.png","datePublished":"2025-09-18T05:10:12+00:00","dateModified":"2025-09-22T14:57:22+00:00","description":"Descubra Interactive Brokers, una firma de corretaje l\u00edder a nivel mundial que ofrece plataformas de negociaci\u00f3n avanzadas, tarifas bajas y acceso a 150+ mercados.","breadcrumb":{"@id":"https:\/\/broker-inspect.com\/es\/rese\u00f1as\/revision-de-interactive-brokers-una-potencia-comercial-global\/#breadcrumb"},"inLanguage":"es","potentialAction":[{"@type":"ReadAction","target":["https:\/\/broker-inspect.com\/es\/rese\u00f1as\/revision-de-interactive-brokers-una-potencia-comercial-global\/"]}]},{"@type":"ImageObject","inLanguage":"es","@id":"https:\/\/broker-inspect.com\/es\/rese\u00f1as\/revision-de-interactive-brokers-una-potencia-comercial-global\/#primaryimage","url":"https:\/\/broker-inspect.com\/wp-content\/uploads\/2024\/11\/images.png","contentUrl":"https:\/\/broker-inspect.com\/wp-content\/uploads\/2024\/11\/images.png","width":180,"height":180},{"@type":"BreadcrumbList","@id":"https:\/\/broker-inspect.com\/es\/rese\u00f1as\/revision-de-interactive-brokers-una-potencia-comercial-global\/#breadcrumb","itemListElement":[{"@type":"ListItem","position":1,"name":"Inicio","item":"https:\/\/broker-inspect.com\/es\/"},{"@type":"ListItem","position":2,"name":"Revisi\u00f3n de Interactive Brokers: una potencia comercial global"}]},{"@type":"WebSite","@id":"https:\/\/broker-inspect.com\/es\/#website","url":"https:\/\/broker-inspect.com\/es\/","name":"Broker Inspect","description":"Expert Forex Broker Reviews &amp; Trusted Insights","publisher":{"@id":"https:\/\/broker-inspect.com\/es\/#organization"},"potentialAction":[{"@type":"SearchAction","target":{"@type":"EntryPoint","urlTemplate":"https:\/\/broker-inspect.com\/es\/?s={search_term_string}"},"query-input":{"@type":"PropertyValueSpecification","valueRequired":true,"valueName":"search_term_string"}}],"inLanguage":"es"},{"@type":"Organization","@id":"https:\/\/broker-inspect.com\/es\/#organization","name":"Broker Inspect","url":"https:\/\/broker-inspect.com\/es\/","logo":{"@type":"ImageObject","inLanguage":"es","@id":"https:\/\/broker-inspect.com\/es\/#\/schema\/logo\/image\/","url":"https:\/\/broker-inspect.com\/wp-content\/uploads\/2024\/11\/brokerinspect1-Copy-Photoroom.png","contentUrl":"https:\/\/broker-inspect.com\/wp-content\/uploads\/2024\/11\/brokerinspect1-Copy-Photoroom.png","width":400,"height":100,"caption":"Broker Inspect"},"image":{"@id":"https:\/\/broker-inspect.com\/es\/#\/schema\/logo\/image\/"}}]}},"_links":{"self":[{"href":"https:\/\/broker-inspect.com\/es\/wp-json\/wp\/v2\/product\/8433","targetHints":{"allow":["GET"]}}],"collection":[{"href":"https:\/\/broker-inspect.com\/es\/wp-json\/wp\/v2\/product"}],"about":[{"href":"https:\/\/broker-inspect.com\/es\/wp-json\/wp\/v2\/types\/product"}],"author":[{"embeddable":true,"href":"https:\/\/broker-inspect.com\/es\/wp-json\/wp\/v2\/users\/8"}],"replies":[{"embeddable":true,"href":"https:\/\/broker-inspect.com\/es\/wp-json\/wp\/v2\/comments?post=8433"}],"version-history":[{"count":1,"href":"https:\/\/broker-inspect.com\/es\/wp-json\/wp\/v2\/product\/8433\/revisions"}],"predecessor-version":[{"id":8462,"href":"https:\/\/broker-inspect.com\/es\/wp-json\/wp\/v2\/product\/8433\/revisions\/8462"}],"wp:featuredmedia":[{"embeddable":true,"href":"https:\/\/broker-inspect.com\/es\/wp-json\/wp\/v2\/media\/2757"}],"wp:attachment":[{"href":"https:\/\/broker-inspect.com\/es\/wp-json\/wp\/v2\/media?parent=8433"}],"wp:term":[{"taxonomy":"store","embeddable":true,"href":"https:\/\/broker-inspect.com\/es\/wp-json\/wp\/v2\/store?post=8433"},{"taxonomy":"product_brand","embeddable":true,"href":"https:\/\/broker-inspect.com\/es\/wp-json\/wp\/v2\/product_brand?post=8433"},{"taxonomy":"product_cat","embeddable":true,"href":"https:\/\/broker-inspect.com\/es\/wp-json\/wp\/v2\/product_cat?post=8433"},{"taxonomy":"product_tag","embeddable":true,"href":"https:\/\/broker-inspect.com\/es\/wp-json\/wp\/v2\/product_tag?post=8433"}],"curies":[{"name":"wp","href":"https:\/\/api.w.org\/{rel}","templated":true}]}}