{"id":8145,"date":"2024-11-20T06:27:28","date_gmt":"2024-11-20T06:27:28","guid":{"rendered":"https:\/\/broker-inspect.com\/reviews\/xm-broker-review\/"},"modified":"2026-03-23T15:52:56","modified_gmt":"2026-03-23T15:52:56","slug":"revision-de-xm-2025-corredor-confiable-regulado-por-cysec-con-diferenciales-ajustados","status":"publish","type":"product","link":"https:\/\/broker-inspect.com\/es\/rese\u00f1as\/revision-de-xm-2025-corredor-confiable-regulado-por-cysec-con-diferenciales-ajustados\/","title":{"rendered":"Revisi\u00f3n de XM 2025: corredor confiable regulado por CySEC con diferenciales ajustados"},"excerpt":{"rendered":"<p>XM (Trading Point of Financial Instruments Ltd) es un broker global de Forex y CFD. Fundada en 2009 y con sede en Limassol, Chipre, XM ha crecido r\u00e1pidamente para servir a m\u00e1s de 15 millones de clientes en 190+ pa\u00edses. Cuenta con un galardonado servicio de atenci\u00f3n al cliente y una reputaci\u00f3n de ejecuci\u00f3n l\u00edder en el mercado con m\u00e1s de 10.3 mil millones de operaciones ejecutadas con cero recotizaciones.  <\/p>\n","protected":false},"author":7,"featured_media":2792,"comment_status":"open","ping_status":"closed","template":"","meta":{"_acf_changed":false,"_gspb_post_css":""},"store":[],"product_brand":[],"product_cat":[160],"product_tag":[],"class_list":{"0":"post-8145","1":"product","2":"type-product","3":"status-publish","4":"has-post-thumbnail","6":"product_cat-corredores-de-forex","8":"first","9":"instock","10":"shipping-taxable","11":"product-type-external"},"acf":[],"yoast_head":"<!-- This site is optimized with the Yoast SEO Premium plugin v23.6 (Yoast SEO v26.8) - https:\/\/yoast.com\/product\/yoast-seo-premium-wordpress\/ -->\n<title>Revisi\u00f3n de XM Broker: una plataforma de negociaci\u00f3n confiable<\/title>\n<meta name=\"description\" content=\"Descubra XM Broker con dep\u00f3sitos m\u00ednimos bajos y plataformas MT4\/MT5 f\u00e1ciles de usar para traders de todos los niveles.\" \/>\n<meta name=\"robots\" content=\"index, follow, max-snippet:-1, max-image-preview:large, max-video-preview:-1\" \/>\n<link rel=\"canonical\" href=\"https:\/\/broker-inspect.com\/es\/rese\u00f1as\/revision-de-xm-2025-corredor-confiable-regulado-por-cysec-con-diferenciales-ajustados\/\" \/>\n<meta property=\"og:locale\" content=\"es_ES\" \/>\n<meta property=\"og:type\" content=\"article\" \/>\n<meta property=\"og:title\" content=\"Revisi\u00f3n de XM 2025: corredor confiable regulado por CySEC con diferenciales ajustados\" \/>\n<meta property=\"og:description\" content=\"Descubra XM Broker con dep\u00f3sitos m\u00ednimos bajos y plataformas MT4\/MT5 f\u00e1ciles de usar para traders de todos los niveles.\" \/>\n<meta property=\"og:url\" content=\"https:\/\/broker-inspect.com\/es\/rese\u00f1as\/revision-de-xm-2025-corredor-confiable-regulado-por-cysec-con-diferenciales-ajustados\/\" \/>\n<meta property=\"og:site_name\" content=\"Broker Inspect\" \/>\n<meta property=\"article:modified_time\" content=\"2026-03-23T15:52:56+00:00\" \/>\n<meta property=\"og:image\" content=\"https:\/\/broker-inspect.com\/wp-content\/uploads\/2024\/11\/unnamed.png\" \/>\n\t<meta property=\"og:image:width\" content=\"512\" \/>\n\t<meta property=\"og:image:height\" content=\"512\" \/>\n\t<meta property=\"og:image:type\" content=\"image\/png\" \/>\n<meta name=\"twitter:card\" content=\"summary_large_image\" \/>\n<meta name=\"twitter:label1\" content=\"Tiempo de lectura\" \/>\n\t<meta name=\"twitter:data1\" content=\"1 minuto\" \/>\n<script type=\"application\/ld+json\" class=\"yoast-schema-graph\">{\"@context\":\"https:\/\/schema.org\",\"@graph\":[{\"@type\":\"WebPage\",\"@id\":\"https:\/\/broker-inspect.com\/es\/rese\u00f1as\/revision-de-xm-2025-corredor-confiable-regulado-por-cysec-con-diferenciales-ajustados\/\",\"url\":\"https:\/\/broker-inspect.com\/es\/rese\u00f1as\/revision-de-xm-2025-corredor-confiable-regulado-por-cysec-con-diferenciales-ajustados\/\",\"name\":\"Revisi\u00f3n de XM Broker: una plataforma de negociaci\u00f3n confiable\",\"isPartOf\":{\"@id\":\"https:\/\/broker-inspect.com\/es\/#website\"},\"primaryImageOfPage\":{\"@id\":\"https:\/\/broker-inspect.com\/es\/rese\u00f1as\/revision-de-xm-2025-corredor-confiable-regulado-por-cysec-con-diferenciales-ajustados\/#primaryimage\"},\"image\":{\"@id\":\"https:\/\/broker-inspect.com\/es\/rese\u00f1as\/revision-de-xm-2025-corredor-confiable-regulado-por-cysec-con-diferenciales-ajustados\/#primaryimage\"},\"thumbnailUrl\":\"https:\/\/broker-inspect.com\/wp-content\/uploads\/2024\/11\/unnamed.png\",\"datePublished\":\"2024-11-20T06:27:28+00:00\",\"dateModified\":\"2026-03-23T15:52:56+00:00\",\"description\":\"Descubra XM Broker con dep\u00f3sitos m\u00ednimos bajos y plataformas MT4\/MT5 f\u00e1ciles de usar para traders de todos los niveles.\",\"breadcrumb\":{\"@id\":\"https:\/\/broker-inspect.com\/es\/rese\u00f1as\/revision-de-xm-2025-corredor-confiable-regulado-por-cysec-con-diferenciales-ajustados\/#breadcrumb\"},\"inLanguage\":\"es\",\"potentialAction\":[{\"@type\":\"ReadAction\",\"target\":[\"https:\/\/broker-inspect.com\/es\/rese\u00f1as\/revision-de-xm-2025-corredor-confiable-regulado-por-cysec-con-diferenciales-ajustados\/\"]}]},{\"@type\":\"ImageObject\",\"inLanguage\":\"es\",\"@id\":\"https:\/\/broker-inspect.com\/es\/rese\u00f1as\/revision-de-xm-2025-corredor-confiable-regulado-por-cysec-con-diferenciales-ajustados\/#primaryimage\",\"url\":\"https:\/\/broker-inspect.com\/wp-content\/uploads\/2024\/11\/unnamed.png\",\"contentUrl\":\"https:\/\/broker-inspect.com\/wp-content\/uploads\/2024\/11\/unnamed.png\",\"width\":512,\"height\":512},{\"@type\":\"BreadcrumbList\",\"@id\":\"https:\/\/broker-inspect.com\/es\/rese\u00f1as\/revision-de-xm-2025-corredor-confiable-regulado-por-cysec-con-diferenciales-ajustados\/#breadcrumb\",\"itemListElement\":[{\"@type\":\"ListItem\",\"position\":1,\"name\":\"Inicio\",\"item\":\"https:\/\/broker-inspect.com\/es\/\"},{\"@type\":\"ListItem\",\"position\":2,\"name\":\"Revisi\u00f3n de XM 2025: corredor confiable regulado por CySEC con diferenciales ajustados\"}]},{\"@type\":\"WebSite\",\"@id\":\"https:\/\/broker-inspect.com\/es\/#website\",\"url\":\"https:\/\/broker-inspect.com\/es\/\",\"name\":\"Broker Inspect\",\"description\":\"Expert Forex Broker Reviews &amp; Trusted Insights\",\"publisher\":{\"@id\":\"https:\/\/broker-inspect.com\/es\/#organization\"},\"potentialAction\":[{\"@type\":\"SearchAction\",\"target\":{\"@type\":\"EntryPoint\",\"urlTemplate\":\"https:\/\/broker-inspect.com\/es\/?s={search_term_string}\"},\"query-input\":{\"@type\":\"PropertyValueSpecification\",\"valueRequired\":true,\"valueName\":\"search_term_string\"}}],\"inLanguage\":\"es\"},{\"@type\":\"Organization\",\"@id\":\"https:\/\/broker-inspect.com\/es\/#organization\",\"name\":\"Broker Inspect\",\"url\":\"https:\/\/broker-inspect.com\/es\/\",\"logo\":{\"@type\":\"ImageObject\",\"inLanguage\":\"es\",\"@id\":\"https:\/\/broker-inspect.com\/es\/#\/schema\/logo\/image\/\",\"url\":\"https:\/\/broker-inspect.com\/wp-content\/uploads\/2024\/11\/brokerinspect1-Copy-Photoroom.png\",\"contentUrl\":\"https:\/\/broker-inspect.com\/wp-content\/uploads\/2024\/11\/brokerinspect1-Copy-Photoroom.png\",\"width\":400,\"height\":100,\"caption\":\"Broker Inspect\"},\"image\":{\"@id\":\"https:\/\/broker-inspect.com\/es\/#\/schema\/logo\/image\/\"}}]}<\/script>\n<!-- \/ Yoast SEO Premium plugin. -->","yoast_head_json":{"title":"Revisi\u00f3n de XM Broker: una plataforma de negociaci\u00f3n confiable","description":"Descubra XM Broker con dep\u00f3sitos m\u00ednimos bajos y plataformas MT4\/MT5 f\u00e1ciles de usar para traders de todos los niveles.","robots":{"index":"index","follow":"follow","max-snippet":"max-snippet:-1","max-image-preview":"max-image-preview:large","max-video-preview":"max-video-preview:-1"},"canonical":"https:\/\/broker-inspect.com\/es\/rese\u00f1as\/revision-de-xm-2025-corredor-confiable-regulado-por-cysec-con-diferenciales-ajustados\/","og_locale":"es_ES","og_type":"article","og_title":"Revisi\u00f3n de XM 2025: corredor confiable regulado por CySEC con diferenciales ajustados","og_description":"Descubra XM Broker con dep\u00f3sitos m\u00ednimos bajos y plataformas MT4\/MT5 f\u00e1ciles de usar para traders de todos los niveles.","og_url":"https:\/\/broker-inspect.com\/es\/rese\u00f1as\/revision-de-xm-2025-corredor-confiable-regulado-por-cysec-con-diferenciales-ajustados\/","og_site_name":"Broker Inspect","article_modified_time":"2026-03-23T15:52:56+00:00","og_image":[{"width":512,"height":512,"url":"https:\/\/broker-inspect.com\/wp-content\/uploads\/2024\/11\/unnamed.png","type":"image\/png"}],"twitter_card":"summary_large_image","twitter_misc":{"Tiempo de lectura":"1 minuto"},"schema":{"@context":"https:\/\/schema.org","@graph":[{"@type":"WebPage","@id":"https:\/\/broker-inspect.com\/es\/rese\u00f1as\/revision-de-xm-2025-corredor-confiable-regulado-por-cysec-con-diferenciales-ajustados\/","url":"https:\/\/broker-inspect.com\/es\/rese\u00f1as\/revision-de-xm-2025-corredor-confiable-regulado-por-cysec-con-diferenciales-ajustados\/","name":"Revisi\u00f3n de XM Broker: una plataforma de negociaci\u00f3n confiable","isPartOf":{"@id":"https:\/\/broker-inspect.com\/es\/#website"},"primaryImageOfPage":{"@id":"https:\/\/broker-inspect.com\/es\/rese\u00f1as\/revision-de-xm-2025-corredor-confiable-regulado-por-cysec-con-diferenciales-ajustados\/#primaryimage"},"image":{"@id":"https:\/\/broker-inspect.com\/es\/rese\u00f1as\/revision-de-xm-2025-corredor-confiable-regulado-por-cysec-con-diferenciales-ajustados\/#primaryimage"},"thumbnailUrl":"https:\/\/broker-inspect.com\/wp-content\/uploads\/2024\/11\/unnamed.png","datePublished":"2024-11-20T06:27:28+00:00","dateModified":"2026-03-23T15:52:56+00:00","description":"Descubra XM Broker con dep\u00f3sitos m\u00ednimos bajos y plataformas MT4\/MT5 f\u00e1ciles de usar para traders de todos los niveles.","breadcrumb":{"@id":"https:\/\/broker-inspect.com\/es\/rese\u00f1as\/revision-de-xm-2025-corredor-confiable-regulado-por-cysec-con-diferenciales-ajustados\/#breadcrumb"},"inLanguage":"es","potentialAction":[{"@type":"ReadAction","target":["https:\/\/broker-inspect.com\/es\/rese\u00f1as\/revision-de-xm-2025-corredor-confiable-regulado-por-cysec-con-diferenciales-ajustados\/"]}]},{"@type":"ImageObject","inLanguage":"es","@id":"https:\/\/broker-inspect.com\/es\/rese\u00f1as\/revision-de-xm-2025-corredor-confiable-regulado-por-cysec-con-diferenciales-ajustados\/#primaryimage","url":"https:\/\/broker-inspect.com\/wp-content\/uploads\/2024\/11\/unnamed.png","contentUrl":"https:\/\/broker-inspect.com\/wp-content\/uploads\/2024\/11\/unnamed.png","width":512,"height":512},{"@type":"BreadcrumbList","@id":"https:\/\/broker-inspect.com\/es\/rese\u00f1as\/revision-de-xm-2025-corredor-confiable-regulado-por-cysec-con-diferenciales-ajustados\/#breadcrumb","itemListElement":[{"@type":"ListItem","position":1,"name":"Inicio","item":"https:\/\/broker-inspect.com\/es\/"},{"@type":"ListItem","position":2,"name":"Revisi\u00f3n de XM 2025: corredor confiable regulado por CySEC con diferenciales ajustados"}]},{"@type":"WebSite","@id":"https:\/\/broker-inspect.com\/es\/#website","url":"https:\/\/broker-inspect.com\/es\/","name":"Broker Inspect","description":"Expert Forex Broker Reviews &amp; Trusted Insights","publisher":{"@id":"https:\/\/broker-inspect.com\/es\/#organization"},"potentialAction":[{"@type":"SearchAction","target":{"@type":"EntryPoint","urlTemplate":"https:\/\/broker-inspect.com\/es\/?s={search_term_string}"},"query-input":{"@type":"PropertyValueSpecification","valueRequired":true,"valueName":"search_term_string"}}],"inLanguage":"es"},{"@type":"Organization","@id":"https:\/\/broker-inspect.com\/es\/#organization","name":"Broker Inspect","url":"https:\/\/broker-inspect.com\/es\/","logo":{"@type":"ImageObject","inLanguage":"es","@id":"https:\/\/broker-inspect.com\/es\/#\/schema\/logo\/image\/","url":"https:\/\/broker-inspect.com\/wp-content\/uploads\/2024\/11\/brokerinspect1-Copy-Photoroom.png","contentUrl":"https:\/\/broker-inspect.com\/wp-content\/uploads\/2024\/11\/brokerinspect1-Copy-Photoroom.png","width":400,"height":100,"caption":"Broker Inspect"},"image":{"@id":"https:\/\/broker-inspect.com\/es\/#\/schema\/logo\/image\/"}}]}},"_links":{"self":[{"href":"https:\/\/broker-inspect.com\/es\/wp-json\/wp\/v2\/product\/8145","targetHints":{"allow":["GET"]}}],"collection":[{"href":"https:\/\/broker-inspect.com\/es\/wp-json\/wp\/v2\/product"}],"about":[{"href":"https:\/\/broker-inspect.com\/es\/wp-json\/wp\/v2\/types\/product"}],"author":[{"embeddable":true,"href":"https:\/\/broker-inspect.com\/es\/wp-json\/wp\/v2\/users\/7"}],"replies":[{"embeddable":true,"href":"https:\/\/broker-inspect.com\/es\/wp-json\/wp\/v2\/comments?post=8145"}],"version-history":[{"count":1,"href":"https:\/\/broker-inspect.com\/es\/wp-json\/wp\/v2\/product\/8145\/revisions"}],"predecessor-version":[{"id":8147,"href":"https:\/\/broker-inspect.com\/es\/wp-json\/wp\/v2\/product\/8145\/revisions\/8147"}],"wp:featuredmedia":[{"embeddable":true,"href":"https:\/\/broker-inspect.com\/es\/wp-json\/wp\/v2\/media\/2792"}],"wp:attachment":[{"href":"https:\/\/broker-inspect.com\/es\/wp-json\/wp\/v2\/media?parent=8145"}],"wp:term":[{"taxonomy":"store","embeddable":true,"href":"https:\/\/broker-inspect.com\/es\/wp-json\/wp\/v2\/store?post=8145"},{"taxonomy":"product_brand","embeddable":true,"href":"https:\/\/broker-inspect.com\/es\/wp-json\/wp\/v2\/product_brand?post=8145"},{"taxonomy":"product_cat","embeddable":true,"href":"https:\/\/broker-inspect.com\/es\/wp-json\/wp\/v2\/product_cat?post=8145"},{"taxonomy":"product_tag","embeddable":true,"href":"https:\/\/broker-inspect.com\/es\/wp-json\/wp\/v2\/product_tag?post=8145"}],"curies":[{"name":"wp","href":"https:\/\/api.w.org\/{rel}","templated":true}]}}