{"id":7940,"date":"2025-09-18T12:11:40","date_gmt":"2025-09-18T12:11:40","guid":{"rendered":"https:\/\/broker-inspect.com\/reviews\/fbs-broker-review\/"},"modified":"2025-09-22T14:54:42","modified_gmt":"2025-09-22T14:54:42","slug":"revision-del-corredor-fbs-servicios-comerciales-personalizados-para-todos-los-niveles-de-experiencia","status":"publish","type":"product","link":"https:\/\/broker-inspect.com\/es\/rese\u00f1as\/revision-del-corredor-fbs-servicios-comerciales-personalizados-para-todos-los-niveles-de-experiencia\/","title":{"rendered":"Revisi\u00f3n del corredor FBS: servicios comerciales personalizados para todos los niveles de experiencia"},"excerpt":{"rendered":"<p>FBS fue fundada en 2009 y tiene su sede en la ciudad de Belice, Belice. Se ha convertido en un corredor en l\u00ednea internacional l\u00edder que atiende a comerciantes en 150+ pa\u00edses con 27+ millones de clientes en todo el mundo. A lo largo de sus 16 a\u00f1os de historia, FBS ha ganado m\u00e1s de 100 premios de la industria por su enfoque en el cliente y la seguridad de la plataforma. La misi\u00f3n de la compa\u00f1\u00eda enfatiza hacer que el comercio sea accesible y gratificante a trav\u00e9s de herramientas f\u00e1ciles de usar y soporte 24\/7. Su huella regulatoria global (FSC Belice, CySEC Chipre, ASIC Australia) y su amplia l\u00ednea de productos posicionan a FBS como un jugador importante en el mercado Forex\/CFD.<\/p>\n","protected":false},"author":8,"featured_media":2877,"comment_status":"open","ping_status":"closed","template":"","meta":{"_acf_changed":false,"_gspb_post_css":""},"store":[],"product_brand":[],"product_cat":[160],"product_tag":[],"class_list":{"0":"post-7940","1":"product","2":"type-product","3":"status-publish","4":"has-post-thumbnail","6":"product_cat-corredores-de-forex","8":"first","9":"instock","10":"shipping-taxable","11":"product-type-external"},"acf":[],"yoast_head":"<!-- This site is optimized with the Yoast SEO Premium plugin v23.6 (Yoast SEO v26.8) - https:\/\/yoast.com\/product\/yoast-seo-premium-wordpress\/ -->\n<title>Revisi\u00f3n de FBS: corredor de confianza con alto apalancamiento<\/title>\n<meta name=\"description\" content=\"Explore FBS: Un corredor regulado que ofrece divisas, materias primas, \u00edndices y comercio de criptomonedas. Conozca sus opciones de dep\u00f3sito m\u00ednimo bajo y alto apalancamiento.\" \/>\n<meta name=\"robots\" content=\"index, follow, max-snippet:-1, max-image-preview:large, max-video-preview:-1\" \/>\n<link rel=\"canonical\" href=\"https:\/\/broker-inspect.com\/es\/rese\u00f1as\/revision-del-corredor-fbs-servicios-comerciales-personalizados-para-todos-los-niveles-de-experiencia\/\" \/>\n<meta property=\"og:locale\" content=\"es_ES\" \/>\n<meta property=\"og:type\" content=\"article\" \/>\n<meta property=\"og:title\" content=\"Revisi\u00f3n del corredor FBS: servicios comerciales personalizados para todos los niveles de experiencia\" \/>\n<meta property=\"og:description\" content=\"Explore FBS: Un corredor regulado que ofrece divisas, materias primas, \u00edndices y comercio de criptomonedas. Conozca sus opciones de dep\u00f3sito m\u00ednimo bajo y alto apalancamiento.\" \/>\n<meta property=\"og:url\" content=\"https:\/\/broker-inspect.com\/es\/rese\u00f1as\/revision-del-corredor-fbs-servicios-comerciales-personalizados-para-todos-los-niveles-de-experiencia\/\" \/>\n<meta property=\"og:site_name\" content=\"Broker Inspect\" \/>\n<meta property=\"article:modified_time\" content=\"2025-09-22T14:54:42+00:00\" \/>\n<meta property=\"og:image\" content=\"https:\/\/broker-inspect.com\/wp-content\/uploads\/2024\/11\/images-2.png\" \/>\n\t<meta property=\"og:image:width\" content=\"225\" \/>\n\t<meta property=\"og:image:height\" content=\"225\" \/>\n\t<meta property=\"og:image:type\" content=\"image\/png\" \/>\n<meta name=\"twitter:card\" content=\"summary_large_image\" \/>\n<meta name=\"twitter:label1\" content=\"Tiempo de lectura\" \/>\n\t<meta name=\"twitter:data1\" content=\"1 minuto\" \/>\n<script type=\"application\/ld+json\" class=\"yoast-schema-graph\">{\"@context\":\"https:\/\/schema.org\",\"@graph\":[{\"@type\":\"WebPage\",\"@id\":\"https:\/\/broker-inspect.com\/es\/rese\u00f1as\/revision-del-corredor-fbs-servicios-comerciales-personalizados-para-todos-los-niveles-de-experiencia\/\",\"url\":\"https:\/\/broker-inspect.com\/es\/rese\u00f1as\/revision-del-corredor-fbs-servicios-comerciales-personalizados-para-todos-los-niveles-de-experiencia\/\",\"name\":\"Revisi\u00f3n de FBS: corredor de confianza con alto apalancamiento\",\"isPartOf\":{\"@id\":\"https:\/\/broker-inspect.com\/es\/#website\"},\"primaryImageOfPage\":{\"@id\":\"https:\/\/broker-inspect.com\/es\/rese\u00f1as\/revision-del-corredor-fbs-servicios-comerciales-personalizados-para-todos-los-niveles-de-experiencia\/#primaryimage\"},\"image\":{\"@id\":\"https:\/\/broker-inspect.com\/es\/rese\u00f1as\/revision-del-corredor-fbs-servicios-comerciales-personalizados-para-todos-los-niveles-de-experiencia\/#primaryimage\"},\"thumbnailUrl\":\"https:\/\/broker-inspect.com\/wp-content\/uploads\/2024\/11\/images-2.png\",\"datePublished\":\"2025-09-18T12:11:40+00:00\",\"dateModified\":\"2025-09-22T14:54:42+00:00\",\"description\":\"Explore FBS: Un corredor regulado que ofrece divisas, materias primas, \u00edndices y comercio de criptomonedas. Conozca sus opciones de dep\u00f3sito m\u00ednimo bajo y alto apalancamiento.\",\"breadcrumb\":{\"@id\":\"https:\/\/broker-inspect.com\/es\/rese\u00f1as\/revision-del-corredor-fbs-servicios-comerciales-personalizados-para-todos-los-niveles-de-experiencia\/#breadcrumb\"},\"inLanguage\":\"es\",\"potentialAction\":[{\"@type\":\"ReadAction\",\"target\":[\"https:\/\/broker-inspect.com\/es\/rese\u00f1as\/revision-del-corredor-fbs-servicios-comerciales-personalizados-para-todos-los-niveles-de-experiencia\/\"]}]},{\"@type\":\"ImageObject\",\"inLanguage\":\"es\",\"@id\":\"https:\/\/broker-inspect.com\/es\/rese\u00f1as\/revision-del-corredor-fbs-servicios-comerciales-personalizados-para-todos-los-niveles-de-experiencia\/#primaryimage\",\"url\":\"https:\/\/broker-inspect.com\/wp-content\/uploads\/2024\/11\/images-2.png\",\"contentUrl\":\"https:\/\/broker-inspect.com\/wp-content\/uploads\/2024\/11\/images-2.png\",\"width\":225,\"height\":225},{\"@type\":\"BreadcrumbList\",\"@id\":\"https:\/\/broker-inspect.com\/es\/rese\u00f1as\/revision-del-corredor-fbs-servicios-comerciales-personalizados-para-todos-los-niveles-de-experiencia\/#breadcrumb\",\"itemListElement\":[{\"@type\":\"ListItem\",\"position\":1,\"name\":\"Inicio\",\"item\":\"https:\/\/broker-inspect.com\/es\/\"},{\"@type\":\"ListItem\",\"position\":2,\"name\":\"Revisi\u00f3n del corredor FBS: servicios comerciales personalizados para todos los niveles de experiencia\"}]},{\"@type\":\"WebSite\",\"@id\":\"https:\/\/broker-inspect.com\/es\/#website\",\"url\":\"https:\/\/broker-inspect.com\/es\/\",\"name\":\"Broker Inspect\",\"description\":\"Expert Forex Broker Reviews &amp; Trusted Insights\",\"publisher\":{\"@id\":\"https:\/\/broker-inspect.com\/es\/#organization\"},\"potentialAction\":[{\"@type\":\"SearchAction\",\"target\":{\"@type\":\"EntryPoint\",\"urlTemplate\":\"https:\/\/broker-inspect.com\/es\/?s={search_term_string}\"},\"query-input\":{\"@type\":\"PropertyValueSpecification\",\"valueRequired\":true,\"valueName\":\"search_term_string\"}}],\"inLanguage\":\"es\"},{\"@type\":\"Organization\",\"@id\":\"https:\/\/broker-inspect.com\/es\/#organization\",\"name\":\"Broker Inspect\",\"url\":\"https:\/\/broker-inspect.com\/es\/\",\"logo\":{\"@type\":\"ImageObject\",\"inLanguage\":\"es\",\"@id\":\"https:\/\/broker-inspect.com\/es\/#\/schema\/logo\/image\/\",\"url\":\"https:\/\/broker-inspect.com\/wp-content\/uploads\/2024\/11\/brokerinspect1-Copy-Photoroom.png\",\"contentUrl\":\"https:\/\/broker-inspect.com\/wp-content\/uploads\/2024\/11\/brokerinspect1-Copy-Photoroom.png\",\"width\":400,\"height\":100,\"caption\":\"Broker Inspect\"},\"image\":{\"@id\":\"https:\/\/broker-inspect.com\/es\/#\/schema\/logo\/image\/\"}}]}<\/script>\n<!-- \/ Yoast SEO Premium plugin. -->","yoast_head_json":{"title":"Revisi\u00f3n de FBS: corredor de confianza con alto apalancamiento","description":"Explore FBS: Un corredor regulado que ofrece divisas, materias primas, \u00edndices y comercio de criptomonedas. Conozca sus opciones de dep\u00f3sito m\u00ednimo bajo y alto apalancamiento.","robots":{"index":"index","follow":"follow","max-snippet":"max-snippet:-1","max-image-preview":"max-image-preview:large","max-video-preview":"max-video-preview:-1"},"canonical":"https:\/\/broker-inspect.com\/es\/rese\u00f1as\/revision-del-corredor-fbs-servicios-comerciales-personalizados-para-todos-los-niveles-de-experiencia\/","og_locale":"es_ES","og_type":"article","og_title":"Revisi\u00f3n del corredor FBS: servicios comerciales personalizados para todos los niveles de experiencia","og_description":"Explore FBS: Un corredor regulado que ofrece divisas, materias primas, \u00edndices y comercio de criptomonedas. Conozca sus opciones de dep\u00f3sito m\u00ednimo bajo y alto apalancamiento.","og_url":"https:\/\/broker-inspect.com\/es\/rese\u00f1as\/revision-del-corredor-fbs-servicios-comerciales-personalizados-para-todos-los-niveles-de-experiencia\/","og_site_name":"Broker Inspect","article_modified_time":"2025-09-22T14:54:42+00:00","og_image":[{"width":225,"height":225,"url":"https:\/\/broker-inspect.com\/wp-content\/uploads\/2024\/11\/images-2.png","type":"image\/png"}],"twitter_card":"summary_large_image","twitter_misc":{"Tiempo de lectura":"1 minuto"},"schema":{"@context":"https:\/\/schema.org","@graph":[{"@type":"WebPage","@id":"https:\/\/broker-inspect.com\/es\/rese\u00f1as\/revision-del-corredor-fbs-servicios-comerciales-personalizados-para-todos-los-niveles-de-experiencia\/","url":"https:\/\/broker-inspect.com\/es\/rese\u00f1as\/revision-del-corredor-fbs-servicios-comerciales-personalizados-para-todos-los-niveles-de-experiencia\/","name":"Revisi\u00f3n de FBS: corredor de confianza con alto apalancamiento","isPartOf":{"@id":"https:\/\/broker-inspect.com\/es\/#website"},"primaryImageOfPage":{"@id":"https:\/\/broker-inspect.com\/es\/rese\u00f1as\/revision-del-corredor-fbs-servicios-comerciales-personalizados-para-todos-los-niveles-de-experiencia\/#primaryimage"},"image":{"@id":"https:\/\/broker-inspect.com\/es\/rese\u00f1as\/revision-del-corredor-fbs-servicios-comerciales-personalizados-para-todos-los-niveles-de-experiencia\/#primaryimage"},"thumbnailUrl":"https:\/\/broker-inspect.com\/wp-content\/uploads\/2024\/11\/images-2.png","datePublished":"2025-09-18T12:11:40+00:00","dateModified":"2025-09-22T14:54:42+00:00","description":"Explore FBS: Un corredor regulado que ofrece divisas, materias primas, \u00edndices y comercio de criptomonedas. Conozca sus opciones de dep\u00f3sito m\u00ednimo bajo y alto apalancamiento.","breadcrumb":{"@id":"https:\/\/broker-inspect.com\/es\/rese\u00f1as\/revision-del-corredor-fbs-servicios-comerciales-personalizados-para-todos-los-niveles-de-experiencia\/#breadcrumb"},"inLanguage":"es","potentialAction":[{"@type":"ReadAction","target":["https:\/\/broker-inspect.com\/es\/rese\u00f1as\/revision-del-corredor-fbs-servicios-comerciales-personalizados-para-todos-los-niveles-de-experiencia\/"]}]},{"@type":"ImageObject","inLanguage":"es","@id":"https:\/\/broker-inspect.com\/es\/rese\u00f1as\/revision-del-corredor-fbs-servicios-comerciales-personalizados-para-todos-los-niveles-de-experiencia\/#primaryimage","url":"https:\/\/broker-inspect.com\/wp-content\/uploads\/2024\/11\/images-2.png","contentUrl":"https:\/\/broker-inspect.com\/wp-content\/uploads\/2024\/11\/images-2.png","width":225,"height":225},{"@type":"BreadcrumbList","@id":"https:\/\/broker-inspect.com\/es\/rese\u00f1as\/revision-del-corredor-fbs-servicios-comerciales-personalizados-para-todos-los-niveles-de-experiencia\/#breadcrumb","itemListElement":[{"@type":"ListItem","position":1,"name":"Inicio","item":"https:\/\/broker-inspect.com\/es\/"},{"@type":"ListItem","position":2,"name":"Revisi\u00f3n del corredor FBS: servicios comerciales personalizados para todos los niveles de experiencia"}]},{"@type":"WebSite","@id":"https:\/\/broker-inspect.com\/es\/#website","url":"https:\/\/broker-inspect.com\/es\/","name":"Broker Inspect","description":"Expert Forex Broker Reviews &amp; Trusted Insights","publisher":{"@id":"https:\/\/broker-inspect.com\/es\/#organization"},"potentialAction":[{"@type":"SearchAction","target":{"@type":"EntryPoint","urlTemplate":"https:\/\/broker-inspect.com\/es\/?s={search_term_string}"},"query-input":{"@type":"PropertyValueSpecification","valueRequired":true,"valueName":"search_term_string"}}],"inLanguage":"es"},{"@type":"Organization","@id":"https:\/\/broker-inspect.com\/es\/#organization","name":"Broker Inspect","url":"https:\/\/broker-inspect.com\/es\/","logo":{"@type":"ImageObject","inLanguage":"es","@id":"https:\/\/broker-inspect.com\/es\/#\/schema\/logo\/image\/","url":"https:\/\/broker-inspect.com\/wp-content\/uploads\/2024\/11\/brokerinspect1-Copy-Photoroom.png","contentUrl":"https:\/\/broker-inspect.com\/wp-content\/uploads\/2024\/11\/brokerinspect1-Copy-Photoroom.png","width":400,"height":100,"caption":"Broker Inspect"},"image":{"@id":"https:\/\/broker-inspect.com\/es\/#\/schema\/logo\/image\/"}}]}},"_links":{"self":[{"href":"https:\/\/broker-inspect.com\/es\/wp-json\/wp\/v2\/product\/7940","targetHints":{"allow":["GET"]}}],"collection":[{"href":"https:\/\/broker-inspect.com\/es\/wp-json\/wp\/v2\/product"}],"about":[{"href":"https:\/\/broker-inspect.com\/es\/wp-json\/wp\/v2\/types\/product"}],"author":[{"embeddable":true,"href":"https:\/\/broker-inspect.com\/es\/wp-json\/wp\/v2\/users\/8"}],"replies":[{"embeddable":true,"href":"https:\/\/broker-inspect.com\/es\/wp-json\/wp\/v2\/comments?post=7940"}],"version-history":[{"count":5,"href":"https:\/\/broker-inspect.com\/es\/wp-json\/wp\/v2\/product\/7940\/revisions"}],"predecessor-version":[{"id":8357,"href":"https:\/\/broker-inspect.com\/es\/wp-json\/wp\/v2\/product\/7940\/revisions\/8357"}],"wp:featuredmedia":[{"embeddable":true,"href":"https:\/\/broker-inspect.com\/es\/wp-json\/wp\/v2\/media\/2877"}],"wp:attachment":[{"href":"https:\/\/broker-inspect.com\/es\/wp-json\/wp\/v2\/media?parent=7940"}],"wp:term":[{"taxonomy":"store","embeddable":true,"href":"https:\/\/broker-inspect.com\/es\/wp-json\/wp\/v2\/store?post=7940"},{"taxonomy":"product_brand","embeddable":true,"href":"https:\/\/broker-inspect.com\/es\/wp-json\/wp\/v2\/product_brand?post=7940"},{"taxonomy":"product_cat","embeddable":true,"href":"https:\/\/broker-inspect.com\/es\/wp-json\/wp\/v2\/product_cat?post=7940"},{"taxonomy":"product_tag","embeddable":true,"href":"https:\/\/broker-inspect.com\/es\/wp-json\/wp\/v2\/product_tag?post=7940"}],"curies":[{"name":"wp","href":"https:\/\/api.w.org\/{rel}","templated":true}]}}