{"id":7772,"date":"2025-08-28T10:48:16","date_gmt":"2025-08-28T10:48:16","guid":{"rendered":"https:\/\/broker-inspect.com\/terminos-y-condiciones\/"},"modified":"2025-11-05T07:15:58","modified_gmt":"2025-11-05T07:15:58","slug":"terminos-y-condiciones","status":"publish","type":"page","link":"https:\/\/broker-inspect.com\/es\/terminos-y-condiciones\/","title":{"rendered":"T\u00e9rminos y condiciones"},"content":{"rendered":"\n<h2 class=\"wp-block-heading\" id=\"h-interpretation-and-definitions\"><strong><u>Interpretaci\u00f3n y definiciones<\/u><\/strong><\/h2>\n\n<h3 class=\"wp-block-heading\" id=\"h-interpretation\"><a><\/a><strong>Interpretaci\u00f3n<\/strong><\/h3>\n\n<p>Las palabras con may\u00fascula inicial tienen significados espec\u00edficos definidos en este documento. Estas definiciones se aplican independientemente del uso en singular o plural. <\/p>\n\n<h3 class=\"wp-block-heading\" id=\"h-definitions\"><a><\/a><strong>Definiciones<\/strong><\/h3>\n\n<p>Para estos T\u00e9rminos y Condiciones:<\/p>\n\n<ul class=\"wp-block-list\">\n<li><strong>Afiliado<\/strong> : entidad que controla, es controlada por, o est\u00e1 bajo control com\u00fan con una parte. \u201cControl\u201d implica la propiedad de al menos el 50% de las acciones o participaciones con derecho a voto. <\/li>\n\n\n\n<li><strong>Pa\u00eds<\/strong> : Se refiere a Sud\u00e1frica.<\/li>\n\n\n\n<li><strong>Compa\u00f1\u00eda<\/strong> : Se refiere a Broker Inspect, que opera como &#8220;Nosotros&#8221;, &#8220;Nos&#8221; o &#8220;Nuestro&#8221; en este Acuerdo.<\/li>\n\n\n\n<li><strong>Dispositivo<\/strong> : Cualquier herramienta, incluidas computadoras, tel\u00e9fonos m\u00f3viles o tabletas, capaces de acceder al Servicio.<\/li>\n\n\n\n<li><strong>Servicio<\/strong> : El contenido, las herramientas y la informaci\u00f3n proporcionada a trav\u00e9s del sitio web.<\/li>\n\n\n\n<li><strong>T\u00e9rminos y Condiciones<\/strong> (o &#8220;T\u00e9rminos&#8221;): Estas reglas rigen el uso del Servicio.<\/li>\n\n\n\n<li><strong>Servicios de terceros<\/strong> : Contenido, herramientas o servicios ofrecidos por entidades de terceros, accesibles a trav\u00e9s del Sitio Web.<\/li>\n\n\n\n<li><strong>Sitio web<\/strong> : La plataforma Broker Inspect, disponible en<a href=\"https:\/\/broker-inspect.com\/es\/\"> <\/a><a href=\"https:\/\/broker-inspect.com\/es\/\">https:\/\/broker-inspect.com\/<\/a> .<\/li>\n\n\n\n<li><strong>Usted<\/strong> : Se refiere al usuario, visitante o entidad que accede al Servicio.<\/li>\n<\/ul>\n\n<hr class=\"wp-block-separator has-alpha-channel-opacity\"\/>\n\n<h2 class=\"wp-block-heading\" id=\"h-acknowledgment\"><a><\/a><strong><u>Reconocimiento<\/u><\/strong><\/h2>\n\n<p>Al acceder o utilizar el Servicio, usted acepta estos T\u00e9rminos. Si no est\u00e1 de acuerdo, debe abstenerse de utilizar el Sitio web. <\/p>\n\n<ol class=\"wp-block-list\">\n<li><strong>Elegibilidad<\/strong> : El Servicio solo est\u00e1 disponible para usuarios mayores de 18 a\u00f1os.<\/li>\n\n\n\n<li><strong>Privacidad<\/strong> : El uso del Servicio est\u00e1 sujeto a nuestra Pol\u00edtica de privacidad, que describe c\u00f3mo recopilamos y gestionamos sus datos.<\/li>\n<\/ol>\n\n<hr class=\"wp-block-separator has-alpha-channel-opacity\"\/>\n\n<h2 class=\"wp-block-heading\" id=\"h-links-to-third-party-websites\"><a><\/a><strong><u>Enlaces a sitios web de terceros<\/u><\/strong><\/h2>\n\n<p>El sitio web puede incluir enlaces a sitios web o servicios externos para la comodidad del usuario. La empresa no respalda ni asume responsabilidad por el contenido, las pol\u00edticas o los servicios de terceros. Los usuarios deben revisar los t\u00e9rminos y las pol\u00edticas de privacidad de dichas plataformas antes de participar.  <\/p>\n\n<hr class=\"wp-block-separator has-alpha-channel-opacity\"\/>\n\n<h2 class=\"wp-block-heading\" id=\"h-termination\"><a><\/a><strong><u>Terminaci\u00f3n<\/u><\/strong><\/h2>\n\n<p>Podemos suspender o cancelar su acceso sin previo aviso si viola estos T\u00e9rminos o participa en actividades prohibidas.<\/p>\n\n<hr class=\"wp-block-separator has-alpha-channel-opacity\"\/>\n\n<h2 class=\"wp-block-heading\" id=\"h-limitation-of-liability\"><a><\/a><strong><u>Limitaci\u00f3n de responsabilidad<\/u><\/strong><\/h2>\n\n<p>En la m\u00e1xima medida permitida por la ley, la Compa\u00f1\u00eda y sus Afiliadas renuncian a toda responsabilidad por:<\/p>\n\n<ul class=\"wp-block-list\">\n<li>Da\u00f1os indirectos, incidentales o consecuentes que surjan del uso del Servicio.<\/li>\n\n\n\n<li>P\u00e9rdida de beneficios, datos o informaci\u00f3n.<\/li>\n<\/ul>\n\n<p>Nuestra responsabilidad, si se prueba, est\u00e1 limitada al mayor de R1,500 o al monto total que usted pag\u00f3 para acceder al Servicio.<\/p>\n\n<hr class=\"wp-block-separator has-alpha-channel-opacity\"\/>\n\n<h2 class=\"wp-block-heading\" id=\"h-disclaimer\"><a><\/a><strong><u>Descargo de responsabilidad<\/u><\/strong><\/h2>\n\n<p>El Servicio se proporciona &#8220;TAL CUAL&#8221; y &#8220;SEG\u00daN DISPONIBILIDAD&#8221; sin garant\u00edas de precisi\u00f3n, confiabilidad o funcionalidad. Esto incluye la compatibilidad con cualquier dispositivo o sistema. <\/p>\n\n<hr class=\"wp-block-separator has-alpha-channel-opacity\"\/>\n\n<h2 class=\"wp-block-heading\" id=\"h-governing-law\"><a><\/a><strong><u>Ley aplicable<\/u><\/strong><\/h2>\n\n<p>Estos T\u00e9rminos se rigen por la legislaci\u00f3n sudafricana, con exclusi\u00f3n de los principios de conflicto de leyes. Los usuarios fuera de Sud\u00e1frica deben cumplir con las leyes locales al utilizar el Servicio. <\/p>\n\n<hr class=\"wp-block-separator has-alpha-channel-opacity\"\/>\n\n<h2 class=\"wp-block-heading\" id=\"h-dispute-resolution\"><a><\/a><strong><u>Resoluci\u00f3n de disputas<\/u><\/strong><\/h2>\n\n<p>Las disputas deben resolverse primero de manera informal contactando al servicio de asistencia. Las disputas no resueltas pueden pasar a mediaci\u00f3n o a procedimientos legales en los tribunales sudafricanos. <\/p>\n\n<hr class=\"wp-block-separator has-alpha-channel-opacity\"\/>\n\n<h2 class=\"wp-block-heading\" id=\"h-severabilit-y\"><strong><u>Divisibilidad<\/u><\/strong><\/h2>\n\n<p>Si alguna disposici\u00f3n se considera inaplicable, las disposiciones restantes permanecer\u00e1n en vigor.<\/p>\n\n<hr class=\"wp-block-separator has-alpha-channel-opacity\"\/>\n\n<h2 class=\"wp-block-heading\" id=\"h-changes-to-terms\"><a><\/a><strong><u>Cambios en los t\u00e9rminos<\/u><\/strong><\/h2>\n\n<p>Podemos modificar estos T\u00e9rminos a nuestra discreci\u00f3n. Los cambios significativos se anunciar\u00e1n 30 d\u00edas antes de su implementaci\u00f3n. El uso continuo del Sitio web despu\u00e9s de las revisiones implica la aceptaci\u00f3n de los nuevos t\u00e9rminos.  <\/p>\n\n<hr class=\"wp-block-separator has-alpha-channel-opacity\"\/>\n\n<h2 class=\"wp-block-heading\" id=\"h-contact-us\"><a><\/a><strong><u>Cont\u00e1ctenos<\/u><\/strong><\/h2>\n\n<p>Para consultas, comun\u00edquese a trav\u00e9s de:<\/p>\n\n<ul class=\"wp-block-list\">\n<li><strong>Correo electr\u00f3nico<\/strong>: support@broker-inspect.com<\/li>\n\n\n\n<li><strong>Formulario de contacto<\/strong> : <a href=\"https:\/\/broker-inspect.com\/es\/contactenos\/\">https:\/\/broker-inspect.com\/contact-us\/<\/a><\/li>\n<\/ul>\n\n<p><\/p>\n","protected":false},"excerpt":{"rendered":"<p>Interpretaci\u00f3n y definiciones Interpretaci\u00f3n Las palabras con may\u00fascula inicial tienen significados espec\u00edficos definidos en este documento. Estas definiciones se aplican independientemente del uso en singular o plural. Definiciones Para estos T\u00e9rminos y Condiciones: Reconocimiento Al acceder o utilizar el Servicio, usted acepta estos T\u00e9rminos. Si no est\u00e1 de acuerdo, debe abstenerse de utilizar el Sitio [&hellip;]<\/p>\n","protected":false},"author":4,"featured_media":0,"parent":0,"menu_order":0,"comment_status":"closed","ping_status":"closed","template":"","meta":{"_acf_changed":false,"_gspb_post_css":"","footnotes":""},"class_list":["post-7772","page","type-page","status-publish","hentry"],"acf":[],"yoast_head":"<!-- This site is optimized with the Yoast SEO Premium plugin v23.6 (Yoast SEO v26.8) - https:\/\/yoast.com\/product\/yoast-seo-premium-wordpress\/ -->\n<title>T\u00e9rminos y condiciones de Broker Inspect: reglas de la plataforma<\/title>\n<meta name=\"description\" content=\"Revise los t\u00e9rminos y condiciones que rigen el uso de Broker Inspect, incluidos los descargos de responsabilidad legales y las pautas de cumplimiento.\" \/>\n<meta name=\"robots\" content=\"index, follow, max-snippet:-1, max-image-preview:large, max-video-preview:-1\" \/>\n<link rel=\"canonical\" href=\"https:\/\/broker-inspect.com\/es\/terminos-y-condiciones\/\" \/>\n<meta property=\"og:locale\" content=\"es_ES\" \/>\n<meta property=\"og:type\" content=\"article\" \/>\n<meta property=\"og:title\" content=\"T\u00e9rminos y condiciones\" \/>\n<meta property=\"og:description\" content=\"Revise los t\u00e9rminos y condiciones que rigen el uso de Broker Inspect, incluidos los descargos de responsabilidad legales y las pautas de cumplimiento.\" \/>\n<meta property=\"og:url\" content=\"https:\/\/broker-inspect.com\/es\/terminos-y-condiciones\/\" \/>\n<meta property=\"og:site_name\" content=\"Broker Inspect\" \/>\n<meta property=\"article:modified_time\" content=\"2025-11-05T07:15:58+00:00\" \/>\n<meta name=\"twitter:card\" content=\"summary_large_image\" \/>\n<meta name=\"twitter:label1\" content=\"Tiempo de lectura\" \/>\n\t<meta name=\"twitter:data1\" content=\"3 minuto\" \/>\n<script type=\"application\/ld+json\" class=\"yoast-schema-graph\">{\"@context\":\"https:\/\/schema.org\",\"@graph\":[{\"@type\":\"WebPage\",\"@id\":\"https:\/\/broker-inspect.com\/es\/terminos-y-condiciones\/\",\"url\":\"https:\/\/broker-inspect.com\/es\/terminos-y-condiciones\/\",\"name\":\"T\u00e9rminos y condiciones de Broker Inspect: reglas de la plataforma\",\"isPartOf\":{\"@id\":\"https:\/\/broker-inspect.com\/es\/#website\"},\"datePublished\":\"2025-08-28T10:48:16+00:00\",\"dateModified\":\"2025-11-05T07:15:58+00:00\",\"description\":\"Revise los t\u00e9rminos y condiciones que rigen el uso de Broker Inspect, incluidos los descargos de responsabilidad legales y las pautas de cumplimiento.\",\"breadcrumb\":{\"@id\":\"https:\/\/broker-inspect.com\/es\/terminos-y-condiciones\/#breadcrumb\"},\"inLanguage\":\"es\",\"potentialAction\":[{\"@type\":\"ReadAction\",\"target\":[\"https:\/\/broker-inspect.com\/es\/terminos-y-condiciones\/\"]}]},{\"@type\":\"BreadcrumbList\",\"@id\":\"https:\/\/broker-inspect.com\/es\/terminos-y-condiciones\/#breadcrumb\",\"itemListElement\":[{\"@type\":\"ListItem\",\"position\":1,\"name\":\"Inicio\",\"item\":\"https:\/\/broker-inspect.com\/es\/\"},{\"@type\":\"ListItem\",\"position\":2,\"name\":\"T\u00e9rminos y condiciones\"}]},{\"@type\":\"WebSite\",\"@id\":\"https:\/\/broker-inspect.com\/es\/#website\",\"url\":\"https:\/\/broker-inspect.com\/es\/\",\"name\":\"Broker Inspect\",\"description\":\"Expert Forex Broker Reviews &amp; Trusted Insights\",\"publisher\":{\"@id\":\"https:\/\/broker-inspect.com\/es\/#organization\"},\"potentialAction\":[{\"@type\":\"SearchAction\",\"target\":{\"@type\":\"EntryPoint\",\"urlTemplate\":\"https:\/\/broker-inspect.com\/es\/?s={search_term_string}\"},\"query-input\":{\"@type\":\"PropertyValueSpecification\",\"valueRequired\":true,\"valueName\":\"search_term_string\"}}],\"inLanguage\":\"es\"},{\"@type\":\"Organization\",\"@id\":\"https:\/\/broker-inspect.com\/es\/#organization\",\"name\":\"Broker Inspect\",\"url\":\"https:\/\/broker-inspect.com\/es\/\",\"logo\":{\"@type\":\"ImageObject\",\"inLanguage\":\"es\",\"@id\":\"https:\/\/broker-inspect.com\/es\/#\/schema\/logo\/image\/\",\"url\":\"https:\/\/broker-inspect.com\/wp-content\/uploads\/2024\/11\/brokerinspect1-Copy-Photoroom.png\",\"contentUrl\":\"https:\/\/broker-inspect.com\/wp-content\/uploads\/2024\/11\/brokerinspect1-Copy-Photoroom.png\",\"width\":400,\"height\":100,\"caption\":\"Broker Inspect\"},\"image\":{\"@id\":\"https:\/\/broker-inspect.com\/es\/#\/schema\/logo\/image\/\"}}]}<\/script>\n<!-- \/ Yoast SEO Premium plugin. -->","yoast_head_json":{"title":"T\u00e9rminos y condiciones de Broker Inspect: reglas de la plataforma","description":"Revise los t\u00e9rminos y condiciones que rigen el uso de Broker Inspect, incluidos los descargos de responsabilidad legales y las pautas de cumplimiento.","robots":{"index":"index","follow":"follow","max-snippet":"max-snippet:-1","max-image-preview":"max-image-preview:large","max-video-preview":"max-video-preview:-1"},"canonical":"https:\/\/broker-inspect.com\/es\/terminos-y-condiciones\/","og_locale":"es_ES","og_type":"article","og_title":"T\u00e9rminos y condiciones","og_description":"Revise los t\u00e9rminos y condiciones que rigen el uso de Broker Inspect, incluidos los descargos de responsabilidad legales y las pautas de cumplimiento.","og_url":"https:\/\/broker-inspect.com\/es\/terminos-y-condiciones\/","og_site_name":"Broker Inspect","article_modified_time":"2025-11-05T07:15:58+00:00","twitter_card":"summary_large_image","twitter_misc":{"Tiempo de lectura":"3 minuto"},"schema":{"@context":"https:\/\/schema.org","@graph":[{"@type":"WebPage","@id":"https:\/\/broker-inspect.com\/es\/terminos-y-condiciones\/","url":"https:\/\/broker-inspect.com\/es\/terminos-y-condiciones\/","name":"T\u00e9rminos y condiciones de Broker Inspect: reglas de la plataforma","isPartOf":{"@id":"https:\/\/broker-inspect.com\/es\/#website"},"datePublished":"2025-08-28T10:48:16+00:00","dateModified":"2025-11-05T07:15:58+00:00","description":"Revise los t\u00e9rminos y condiciones que rigen el uso de Broker Inspect, incluidos los descargos de responsabilidad legales y las pautas de cumplimiento.","breadcrumb":{"@id":"https:\/\/broker-inspect.com\/es\/terminos-y-condiciones\/#breadcrumb"},"inLanguage":"es","potentialAction":[{"@type":"ReadAction","target":["https:\/\/broker-inspect.com\/es\/terminos-y-condiciones\/"]}]},{"@type":"BreadcrumbList","@id":"https:\/\/broker-inspect.com\/es\/terminos-y-condiciones\/#breadcrumb","itemListElement":[{"@type":"ListItem","position":1,"name":"Inicio","item":"https:\/\/broker-inspect.com\/es\/"},{"@type":"ListItem","position":2,"name":"T\u00e9rminos y condiciones"}]},{"@type":"WebSite","@id":"https:\/\/broker-inspect.com\/es\/#website","url":"https:\/\/broker-inspect.com\/es\/","name":"Broker Inspect","description":"Expert Forex Broker Reviews &amp; Trusted Insights","publisher":{"@id":"https:\/\/broker-inspect.com\/es\/#organization"},"potentialAction":[{"@type":"SearchAction","target":{"@type":"EntryPoint","urlTemplate":"https:\/\/broker-inspect.com\/es\/?s={search_term_string}"},"query-input":{"@type":"PropertyValueSpecification","valueRequired":true,"valueName":"search_term_string"}}],"inLanguage":"es"},{"@type":"Organization","@id":"https:\/\/broker-inspect.com\/es\/#organization","name":"Broker Inspect","url":"https:\/\/broker-inspect.com\/es\/","logo":{"@type":"ImageObject","inLanguage":"es","@id":"https:\/\/broker-inspect.com\/es\/#\/schema\/logo\/image\/","url":"https:\/\/broker-inspect.com\/wp-content\/uploads\/2024\/11\/brokerinspect1-Copy-Photoroom.png","contentUrl":"https:\/\/broker-inspect.com\/wp-content\/uploads\/2024\/11\/brokerinspect1-Copy-Photoroom.png","width":400,"height":100,"caption":"Broker Inspect"},"image":{"@id":"https:\/\/broker-inspect.com\/es\/#\/schema\/logo\/image\/"}}]}},"_links":{"self":[{"href":"https:\/\/broker-inspect.com\/es\/wp-json\/wp\/v2\/pages\/7772","targetHints":{"allow":["GET"]}}],"collection":[{"href":"https:\/\/broker-inspect.com\/es\/wp-json\/wp\/v2\/pages"}],"about":[{"href":"https:\/\/broker-inspect.com\/es\/wp-json\/wp\/v2\/types\/page"}],"author":[{"embeddable":true,"href":"https:\/\/broker-inspect.com\/es\/wp-json\/wp\/v2\/users\/4"}],"replies":[{"embeddable":true,"href":"https:\/\/broker-inspect.com\/es\/wp-json\/wp\/v2\/comments?post=7772"}],"version-history":[{"count":1,"href":"https:\/\/broker-inspect.com\/es\/wp-json\/wp\/v2\/pages\/7772\/revisions"}],"predecessor-version":[{"id":7773,"href":"https:\/\/broker-inspect.com\/es\/wp-json\/wp\/v2\/pages\/7772\/revisions\/7773"}],"wp:attachment":[{"href":"https:\/\/broker-inspect.com\/es\/wp-json\/wp\/v2\/media?parent=7772"}],"curies":[{"name":"wp","href":"https:\/\/api.w.org\/{rel}","templated":true}]}}