{"id":7767,"date":"2025-08-28T10:24:52","date_gmt":"2025-08-28T10:24:52","guid":{"rendered":"https:\/\/broker-inspect.com\/contactenos\/"},"modified":"2026-01-20T05:22:49","modified_gmt":"2026-01-20T05:22:49","slug":"contactenos","status":"publish","type":"page","link":"https:\/\/broker-inspect.com\/es\/contactenos\/","title":{"rendered":"Cont\u00e1ctenos"},"content":{"rendered":"\t\t<div data-elementor-type=\"wp-page\" data-elementor-id=\"7767\" class=\"elementor elementor-7767 elementor-1957\" data-elementor-post-type=\"page\">\n\t\t\t\t<div class=\"elementor-element elementor-element-af29885 e-flex e-con-boxed e-con e-parent\" data-id=\"af29885\" data-element_type=\"container\">\n\t\t\t\t\t<div class=\"e-con-inner\">\n\t\t<div class=\"elementor-element elementor-element-81bdc0c e-con-full e-flex e-con e-child\" data-id=\"81bdc0c\" data-element_type=\"container\" data-settings=\"{&quot;background_background&quot;:&quot;classic&quot;}\">\n\t\t\t\t<div class=\"elementor-element elementor-element-0d3552b elementor-hidden-desktop elementor-hidden-tablet elementor-hidden-mobile elementor-widget elementor-widget-heading\" data-id=\"0d3552b\" data-element_type=\"widget\" data-widget_type=\"heading.default\">\n\t\t\t\t<div class=\"elementor-widget-container\">\n\t\t\t\t\t<h1 class=\"elementor-heading-title elementor-size-default\">Cont\u00e1ctenos<\/h1>\t\t\t\t<\/div>\n\t\t\t\t<\/div>\n\t\t\t\t<div class=\"elementor-element elementor-element-26c63ef elementor-widget elementor-widget-text-editor\" data-id=\"26c63ef\" data-element_type=\"widget\" data-widget_type=\"text-editor.default\">\n\t\t\t\t<div class=\"elementor-widget-container\">\n\t\t\t\t\t\t\t\t\t<p>Estamos disponibles y listos para ayudarle con cualquier pregunta, comentario o pensamiento que pueda tener.<\/p><p><strong>Env\u00edenos un mensaje<\/strong> : <a href=\"mailto:info@broker-inspect.com\">info@broker-inspect.com<\/a><\/p><p><strong>Oficina central<\/strong> : Za&#8217;abeel &#8211; Za&#8217;abeel, 2, Dubai, Emiratos \u00c1rabes Unidos<\/p>\t\t\t\t\t\t\t\t<\/div>\n\t\t\t\t<\/div>\n\t\t\t\t<\/div>\n\t\t<div class=\"elementor-element elementor-element-c7603fd e-con-full e-flex e-con e-child\" data-id=\"c7603fd\" data-element_type=\"container\">\n\t\t\t\t<div class=\"elementor-element elementor-element-72de9b1 elementor-button-align-stretch elementor-widget elementor-widget-form\" data-id=\"72de9b1\" data-element_type=\"widget\" data-settings=\"{&quot;step_next_label&quot;:&quot;Next&quot;,&quot;step_previous_label&quot;:&quot;Previous&quot;,&quot;button_width&quot;:&quot;100&quot;,&quot;step_type&quot;:&quot;number_text&quot;,&quot;step_icon_shape&quot;:&quot;circle&quot;}\" data-widget_type=\"form.default\">\n\t\t\t\t<div class=\"elementor-widget-container\">\n\t\t\t\t\t\t\t<form class=\"elementor-form\" method=\"post\" name=\"New Form\">\n\t\t\t<input type=\"hidden\" name=\"post_id\" value=\"7767\"\/>\n\t\t\t<input type=\"hidden\" name=\"form_id\" value=\"72de9b1\"\/>\n\t\t\t<input type=\"hidden\" name=\"referer_title\" value=\"Cont\u00e1ctenos - Broker Inspect\" \/>\n\n\t\t\t\t\t\t\t<input type=\"hidden\" name=\"queried_id\" value=\"7767\"\/>\n\t\t\t\n\t\t\t<div class=\"elementor-form-fields-wrapper elementor-labels-above\">\n\t\t\t\t\t\t\t\t<div class=\"elementor-field-type-text elementor-field-group elementor-column elementor-field-group-name elementor-col-50 elementor-field-required elementor-mark-required\">\n\t\t\t\t\t\t\t\t\t\t\t\t<label for=\"form-field-name\" class=\"elementor-field-label\">\n\t\t\t\t\t\t\t\tNombre de pila\t\t\t\t\t\t\t<\/label>\n\t\t\t\t\t\t\t\t\t\t\t\t\t\t<input size=\"1\" type=\"text\" name=\"form_fields[name]\" id=\"form-field-name\" class=\"elementor-field elementor-size-sm  elementor-field-textual\" required=\"required\">\n\t\t\t\t\t\t\t\t\t\t\t<\/div>\n\t\t\t\t\t\t\t\t<div class=\"elementor-field-type-text elementor-field-group elementor-column elementor-field-group-field_b089d74 elementor-col-50\">\n\t\t\t\t\t\t\t\t\t\t\t\t<label for=\"form-field-field_b089d74\" class=\"elementor-field-label\">\n\t\t\t\t\t\t\t\tApellido\t\t\t\t\t\t\t<\/label>\n\t\t\t\t\t\t\t\t\t\t\t\t\t\t<input size=\"1\" type=\"text\" name=\"form_fields[field_b089d74]\" id=\"form-field-field_b089d74\" class=\"elementor-field elementor-size-sm  elementor-field-textual\">\n\t\t\t\t\t\t\t\t\t\t\t<\/div>\n\t\t\t\t\t\t\t\t<div class=\"elementor-field-type-email elementor-field-group elementor-column elementor-field-group-email elementor-col-100 elementor-field-required elementor-mark-required\">\n\t\t\t\t\t\t\t\t\t\t\t\t<label for=\"form-field-email\" class=\"elementor-field-label\">\n\t\t\t\t\t\t\t\tcorreo electr\u00f3nico\t\t\t\t\t\t\t<\/label>\n\t\t\t\t\t\t\t\t\t\t\t\t\t\t<input size=\"1\" type=\"email\" name=\"form_fields[email]\" id=\"form-field-email\" class=\"elementor-field elementor-size-sm  elementor-field-textual\" required=\"required\">\n\t\t\t\t\t\t\t\t\t\t\t<\/div>\n\t\t\t\t\t\t\t\t<div class=\"elementor-field-type-textarea elementor-field-group elementor-column elementor-field-group-message elementor-col-100 elementor-field-required elementor-mark-required\">\n\t\t\t\t\t\t\t\t\t\t\t\t<label for=\"form-field-message\" class=\"elementor-field-label\">\n\t\t\t\t\t\t\t\tComentario o mensaje\t\t\t\t\t\t\t<\/label>\n\t\t\t\t\t\t<textarea class=\"elementor-field-textual elementor-field  elementor-size-sm\" name=\"form_fields[message]\" id=\"form-field-message\" rows=\"4\" required=\"required\"><\/textarea>\t\t\t\t<\/div>\n\t\t\t\t\t\t\t\t<div class=\"elementor-field-group elementor-column elementor-field-type-submit elementor-col-100 e-form__buttons\">\n\t\t\t\t\t<button class=\"elementor-button elementor-size-sm\" type=\"submit\">\n\t\t\t\t\t\t<span class=\"elementor-button-content-wrapper\">\n\t\t\t\t\t\t\t\t\t\t\t\t\t\t\t\t\t\t\t\t\t\t<span class=\"elementor-button-text\">enviar<\/span>\n\t\t\t\t\t\t\t\t\t\t\t\t\t<\/span>\n\t\t\t\t\t<\/button>\n\t\t\t\t<\/div>\n\t\t\t<\/div>\n\t\t<\/form>\n\t\t\t\t\t\t<\/div>\n\t\t\t\t<\/div>\n\t\t\t\t<\/div>\n\t\t\t\t\t<\/div>\n\t\t\t\t<\/div>\n\t\t\t\t<\/div>\n\t\t","protected":false},"excerpt":{"rendered":"<p>Cont\u00e1ctenos Estamos disponibles y listos para ayudarle con cualquier pregunta, comentario o pensamiento que pueda tener. Env\u00edenos un mensaje : info@broker-inspect.com Oficina central : Za&#8217;abeel &#8211; Za&#8217;abeel, 2, Dubai, Emiratos \u00c1rabes Unidos<\/p>\n","protected":false},"author":4,"featured_media":0,"parent":0,"menu_order":0,"comment_status":"closed","ping_status":"closed","template":"","meta":{"_acf_changed":false,"_gspb_post_css":"","footnotes":""},"class_list":["post-7767","page","type-page","status-publish","hentry"],"acf":[],"yoast_head":"<!-- This site is optimized with the Yoast SEO Premium plugin v23.6 (Yoast SEO v26.8) - https:\/\/yoast.com\/product\/yoast-seo-premium-wordpress\/ -->\n<title>Cont\u00e1ctenos - Broker Inspect<\/title>\n<meta name=\"robots\" content=\"index, follow, max-snippet:-1, max-image-preview:large, max-video-preview:-1\" \/>\n<link rel=\"canonical\" href=\"https:\/\/broker-inspect.com\/es\/contactenos\/\" \/>\n<meta property=\"og:locale\" content=\"es_ES\" \/>\n<meta property=\"og:type\" content=\"article\" \/>\n<meta property=\"og:title\" content=\"Cont\u00e1ctenos\" \/>\n<meta property=\"og:description\" content=\"Cont\u00e1ctenos Estamos disponibles y listos para ayudarle con cualquier pregunta, comentario o pensamiento que pueda tener. Env\u00edenos un mensaje : info@broker-inspect.com Oficina central : Za&#8217;abeel &#8211; Za&#8217;abeel, 2, Dubai, Emiratos \u00c1rabes Unidos\" \/>\n<meta property=\"og:url\" content=\"https:\/\/broker-inspect.com\/es\/contactenos\/\" \/>\n<meta property=\"og:site_name\" content=\"Broker Inspect\" \/>\n<meta property=\"article:modified_time\" content=\"2026-01-20T05:22:49+00:00\" \/>\n<meta name=\"twitter:card\" content=\"summary_large_image\" \/>\n<meta name=\"twitter:label1\" content=\"Tiempo de lectura\" \/>\n\t<meta name=\"twitter:data1\" content=\"1 minuto\" \/>\n<script type=\"application\/ld+json\" class=\"yoast-schema-graph\">{\"@context\":\"https:\/\/schema.org\",\"@graph\":[{\"@type\":\"WebPage\",\"@id\":\"https:\/\/broker-inspect.com\/es\/contactenos\/\",\"url\":\"https:\/\/broker-inspect.com\/es\/contactenos\/\",\"name\":\"Cont\u00e1ctenos - Broker Inspect\",\"isPartOf\":{\"@id\":\"https:\/\/broker-inspect.com\/es\/#website\"},\"datePublished\":\"2025-08-28T10:24:52+00:00\",\"dateModified\":\"2026-01-20T05:22:49+00:00\",\"breadcrumb\":{\"@id\":\"https:\/\/broker-inspect.com\/es\/contactenos\/#breadcrumb\"},\"inLanguage\":\"es\",\"potentialAction\":[{\"@type\":\"ReadAction\",\"target\":[\"https:\/\/broker-inspect.com\/es\/contactenos\/\"]}]},{\"@type\":\"BreadcrumbList\",\"@id\":\"https:\/\/broker-inspect.com\/es\/contactenos\/#breadcrumb\",\"itemListElement\":[{\"@type\":\"ListItem\",\"position\":1,\"name\":\"Inicio\",\"item\":\"https:\/\/broker-inspect.com\/es\/\"},{\"@type\":\"ListItem\",\"position\":2,\"name\":\"Cont\u00e1ctenos\"}]},{\"@type\":\"WebSite\",\"@id\":\"https:\/\/broker-inspect.com\/es\/#website\",\"url\":\"https:\/\/broker-inspect.com\/es\/\",\"name\":\"Broker Inspect\",\"description\":\"Expert Forex Broker Reviews &amp; Trusted Insights\",\"publisher\":{\"@id\":\"https:\/\/broker-inspect.com\/es\/#organization\"},\"potentialAction\":[{\"@type\":\"SearchAction\",\"target\":{\"@type\":\"EntryPoint\",\"urlTemplate\":\"https:\/\/broker-inspect.com\/es\/?s={search_term_string}\"},\"query-input\":{\"@type\":\"PropertyValueSpecification\",\"valueRequired\":true,\"valueName\":\"search_term_string\"}}],\"inLanguage\":\"es\"},{\"@type\":\"Organization\",\"@id\":\"https:\/\/broker-inspect.com\/es\/#organization\",\"name\":\"Broker Inspect\",\"url\":\"https:\/\/broker-inspect.com\/es\/\",\"logo\":{\"@type\":\"ImageObject\",\"inLanguage\":\"es\",\"@id\":\"https:\/\/broker-inspect.com\/es\/#\/schema\/logo\/image\/\",\"url\":\"https:\/\/broker-inspect.com\/wp-content\/uploads\/2024\/11\/brokerinspect1-Copy-Photoroom.png\",\"contentUrl\":\"https:\/\/broker-inspect.com\/wp-content\/uploads\/2024\/11\/brokerinspect1-Copy-Photoroom.png\",\"width\":400,\"height\":100,\"caption\":\"Broker Inspect\"},\"image\":{\"@id\":\"https:\/\/broker-inspect.com\/es\/#\/schema\/logo\/image\/\"}}]}<\/script>\n<!-- \/ Yoast SEO Premium plugin. -->","yoast_head_json":{"title":"Cont\u00e1ctenos - Broker Inspect","robots":{"index":"index","follow":"follow","max-snippet":"max-snippet:-1","max-image-preview":"max-image-preview:large","max-video-preview":"max-video-preview:-1"},"canonical":"https:\/\/broker-inspect.com\/es\/contactenos\/","og_locale":"es_ES","og_type":"article","og_title":"Cont\u00e1ctenos","og_description":"Cont\u00e1ctenos Estamos disponibles y listos para ayudarle con cualquier pregunta, comentario o pensamiento que pueda tener. Env\u00edenos un mensaje : info@broker-inspect.com Oficina central : Za&#8217;abeel &#8211; Za&#8217;abeel, 2, Dubai, Emiratos \u00c1rabes Unidos","og_url":"https:\/\/broker-inspect.com\/es\/contactenos\/","og_site_name":"Broker Inspect","article_modified_time":"2026-01-20T05:22:49+00:00","twitter_card":"summary_large_image","twitter_misc":{"Tiempo de lectura":"1 minuto"},"schema":{"@context":"https:\/\/schema.org","@graph":[{"@type":"WebPage","@id":"https:\/\/broker-inspect.com\/es\/contactenos\/","url":"https:\/\/broker-inspect.com\/es\/contactenos\/","name":"Cont\u00e1ctenos - Broker Inspect","isPartOf":{"@id":"https:\/\/broker-inspect.com\/es\/#website"},"datePublished":"2025-08-28T10:24:52+00:00","dateModified":"2026-01-20T05:22:49+00:00","breadcrumb":{"@id":"https:\/\/broker-inspect.com\/es\/contactenos\/#breadcrumb"},"inLanguage":"es","potentialAction":[{"@type":"ReadAction","target":["https:\/\/broker-inspect.com\/es\/contactenos\/"]}]},{"@type":"BreadcrumbList","@id":"https:\/\/broker-inspect.com\/es\/contactenos\/#breadcrumb","itemListElement":[{"@type":"ListItem","position":1,"name":"Inicio","item":"https:\/\/broker-inspect.com\/es\/"},{"@type":"ListItem","position":2,"name":"Cont\u00e1ctenos"}]},{"@type":"WebSite","@id":"https:\/\/broker-inspect.com\/es\/#website","url":"https:\/\/broker-inspect.com\/es\/","name":"Broker Inspect","description":"Expert Forex Broker Reviews &amp; Trusted Insights","publisher":{"@id":"https:\/\/broker-inspect.com\/es\/#organization"},"potentialAction":[{"@type":"SearchAction","target":{"@type":"EntryPoint","urlTemplate":"https:\/\/broker-inspect.com\/es\/?s={search_term_string}"},"query-input":{"@type":"PropertyValueSpecification","valueRequired":true,"valueName":"search_term_string"}}],"inLanguage":"es"},{"@type":"Organization","@id":"https:\/\/broker-inspect.com\/es\/#organization","name":"Broker Inspect","url":"https:\/\/broker-inspect.com\/es\/","logo":{"@type":"ImageObject","inLanguage":"es","@id":"https:\/\/broker-inspect.com\/es\/#\/schema\/logo\/image\/","url":"https:\/\/broker-inspect.com\/wp-content\/uploads\/2024\/11\/brokerinspect1-Copy-Photoroom.png","contentUrl":"https:\/\/broker-inspect.com\/wp-content\/uploads\/2024\/11\/brokerinspect1-Copy-Photoroom.png","width":400,"height":100,"caption":"Broker Inspect"},"image":{"@id":"https:\/\/broker-inspect.com\/es\/#\/schema\/logo\/image\/"}}]}},"_links":{"self":[{"href":"https:\/\/broker-inspect.com\/es\/wp-json\/wp\/v2\/pages\/7767","targetHints":{"allow":["GET"]}}],"collection":[{"href":"https:\/\/broker-inspect.com\/es\/wp-json\/wp\/v2\/pages"}],"about":[{"href":"https:\/\/broker-inspect.com\/es\/wp-json\/wp\/v2\/types\/page"}],"author":[{"embeddable":true,"href":"https:\/\/broker-inspect.com\/es\/wp-json\/wp\/v2\/users\/4"}],"replies":[{"embeddable":true,"href":"https:\/\/broker-inspect.com\/es\/wp-json\/wp\/v2\/comments?post=7767"}],"version-history":[{"count":28,"href":"https:\/\/broker-inspect.com\/es\/wp-json\/wp\/v2\/pages\/7767\/revisions"}],"predecessor-version":[{"id":11029,"href":"https:\/\/broker-inspect.com\/es\/wp-json\/wp\/v2\/pages\/7767\/revisions\/11029"}],"wp:attachment":[{"href":"https:\/\/broker-inspect.com\/es\/wp-json\/wp\/v2\/media?parent=7767"}],"curies":[{"name":"wp","href":"https:\/\/api.w.org\/{rel}","templated":true}]}}