{"id":7765,"date":"2025-08-28T10:17:03","date_gmt":"2025-08-28T10:17:03","guid":{"rendered":"https:\/\/broker-inspect.com\/descargo-de-responsabilidad\/"},"modified":"2025-08-28T10:17:03","modified_gmt":"2025-08-28T10:17:03","slug":"descargo-de-responsabilidad","status":"publish","type":"page","link":"https:\/\/broker-inspect.com\/es\/descargo-de-responsabilidad\/","title":{"rendered":"Descargo de responsabilidad"},"content":{"rendered":"\t\t<div data-elementor-type=\"wp-page\" data-elementor-id=\"7765\" class=\"elementor elementor-7765 elementor-6102\" data-elementor-post-type=\"page\">\n\t\t\t\t<div class=\"elementor-element elementor-element-182a59f e-flex e-con-boxed e-con e-parent\" data-id=\"182a59f\" data-element_type=\"container\">\n\t\t\t\t\t<div class=\"e-con-inner\">\n\t\t\t\t<div class=\"elementor-element elementor-element-c1fbade elementor-widget elementor-widget-heading\" data-id=\"c1fbade\" data-element_type=\"widget\" data-widget_type=\"heading.default\">\n\t\t\t\t<div class=\"elementor-widget-container\">\n\t\t\t\t\t<h2 class=\"elementor-heading-title elementor-size-default\"><b>Riesgos y exenciones de responsabilidad<\/b><\/h2>\t\t\t\t<\/div>\n\t\t\t\t<\/div>\n\t\t<div class=\"elementor-element elementor-element-181329e e-con-full e-flex e-con e-child\" data-id=\"181329e\" data-element_type=\"container\">\n\t\t\t\t<div class=\"elementor-element elementor-element-e8a3672 elementor-widget elementor-widget-text-editor\" data-id=\"e8a3672\" data-element_type=\"widget\" data-widget_type=\"text-editor.default\">\n\t\t\t\t<div class=\"elementor-widget-container\">\n\t\t\t\t\t\t\t\t\t<div id=\"message-list_1746426939.787759\" class=\"c-virtual_list__item\" tabindex=\"-1\" role=\"listitem\" aria-setsize=\"-1\" data-qa=\"virtual-list-item\" data-item-key=\"1746426939.787759\"><div class=\"c-message_kit__background p-message_pane_message__message c-message_kit__message\" role=\"presentation\" data-qa=\"message_container\" data-qa-unprocessed=\"false\" data-qa-placeholder=\"false\"><div class=\"c-message_kit__hover\" role=\"document\" aria-roledescription=\"message\" data-qa-hover=\"true\"><div class=\"c-message_kit__actions c-message_kit__actions--default\"><div class=\"c-message_kit__gutter\"><div class=\"c-message_kit__gutter__right\" role=\"presentation\" data-qa=\"message_content\"><div class=\"c-message_kit__blocks c-message_kit__blocks--rich_text\"><div class=\"c-message__message_blocks c-message__message_blocks--rich_text\" data-qa=\"message-text\"><div class=\"p-block_kit_renderer\" data-qa=\"block-kit-renderer\"><div class=\"p-block_kit_renderer__block_wrapper p-block_kit_renderer__block_wrapper--first\"><div class=\"p-rich_text_block\" dir=\"auto\"><div class=\"p-rich_text_section\"><div id=\"message-list_1746426939.787759\" class=\"c-virtual_list__item\" tabindex=\"-1\" role=\"listitem\" aria-setsize=\"-1\" data-qa=\"virtual-list-item\" data-item-key=\"1746426939.787759\"><div class=\"c-message_kit__background p-message_pane_message__message c-message_kit__message\" role=\"presentation\" data-qa=\"message_container\" data-qa-unprocessed=\"false\" data-qa-placeholder=\"false\"><div class=\"c-message_kit__hover\" role=\"document\" aria-roledescription=\"message\" data-qa-hover=\"true\"><div class=\"c-message_kit__actions c-message_kit__actions--default\"><div class=\"c-message_kit__gutter\"><div class=\"c-message_kit__gutter__right\" role=\"presentation\" data-qa=\"message_content\"><div class=\"c-message_kit__blocks c-message_kit__blocks--rich_text\"><div class=\"c-message__message_blocks c-message__message_blocks--rich_text\" data-qa=\"message-text\"><div class=\"p-block_kit_renderer\" data-qa=\"block-kit-renderer\"><div class=\"p-block_kit_renderer__block_wrapper p-block_kit_renderer__block_wrapper--first\"><div class=\"p-rich_text_block\" dir=\"auto\"><h2 class=\"p-rich_text_section\">  Descargo de responsabilidad general:<\/h2><div class=\"p-rich_text_section\">El contenido publicado en broker-inspect.com, incluyendo noticias, rese\u00f1as, an\u00e1lisis, comparativas de corredores, materiales educativos y opiniones de terceros, tiene fines exclusivamente informativos y educativos. No constituye asesoramiento financiero, de inversi\u00f3n, legal ni fiscal, ni una solicitud ni recomendaci\u00f3n para comprar, vender o mantener instrumentos financieros.<br> Si bien nos esforzamos por garantizar la precisi\u00f3n y actualidad de la informaci\u00f3n proporcionada, BrokerInspect no puede garantizar que todos los datos est\u00e9n actualizados, completos o sin errores. Cualquier confianza depositada en la informaci\u00f3n de este sitio es bajo su propio riesgo. Los usuarios son los \u00fanicos responsables de cualquier decisi\u00f3n tomada con base en este contenido. Recomendamos encarecidamente consultar con un asesor financiero calificado o un profesional con licencia antes de tomar decisiones de inversi\u00f3n.    <\/div><div> <\/div><h2 class=\"p-rich_text_section\">Advertencia de riesgo financiero<\/h2><div class=\"p-rich_text_section\">Operar con instrumentos financieros como forex, contratos por diferencia (CFD), criptomonedas, opciones y otros derivados conlleva un riesgo considerable y puede no ser adecuado para todos los inversores. Estos productos suelen estar apalancados, lo que significa que tanto las ganancias como las p\u00e9rdidas potenciales se magnifican. Podr\u00eda perder la totalidad o una cantidad superior a su inversi\u00f3n inicial.<br> Antes de operar, considere sus objetivos financieros, su nivel de experiencia y su tolerancia al riesgo. No invierta dinero que no pueda permitirse perder. Comprenda la naturaleza de los instrumentos, el potencial de p\u00e9rdida y si su situaci\u00f3n financiera le permite asumir dichos riesgos.<br> El rendimiento pasado no es indicativo de resultados futuros. Ninguna estrategia, sistema o servicio puede garantizar ganancias ni eliminar el riesgo de p\u00e9rdidas en los mercados financieros.     <\/div><h2 class=\"p-rich_text_section\">Riesgos de la plataforma y la tecnolog\u00eda<\/h2><div class=\"p-rich_text_section\">El comercio en l\u00ednea implica riesgos \u00fanicos, que incluyen, entre otros:<\/div><div class=\"p-rich_text_section\">\u25cf Problemas de conectividad a Internet<br> \u25cf Fallos de hardware o software<br> \u25cf Retrasos en la alimentaci\u00f3n de datos o en la ejecuci\u00f3n del sistema<br> \u25cf Latencia durante eventos de alta volatilidad<\/div><div class=\"p-rich_text_section\">BrokerInspect no funciona como una plataforma de trading. No nos responsabilizamos de fallos tecnol\u00f3gicos ni interrupciones que puedan producirse a trav\u00e9s de los servicios de br\u00f3keres externos que utilice. Aseg\u00farese siempre de que su entorno de trading sea seguro, est\u00e9 actualizado y sea estable.  <\/div><h2 class=\"p-rich_text_section\">Servicios y recomendaciones de terceros<\/h2><div class=\"p-rich_text_section\">En BrokerInspect, nuestro objetivo es ayudar a los inversores a tomar mejores decisiones mediante la investigaci\u00f3n y revisi\u00f3n exhaustiva de br\u00f3keres, plataformas de trading y herramientas en l\u00ednea. Nuestros conocimientos est\u00e1n respaldados por an\u00e1lisis independientes y experiencia en el sector. Para apoyar nuestro trabajo, podemos recibir compensaci\u00f3n de nuestros socios a trav\u00e9s de nuestras relaciones de afiliaci\u00f3n. Sin embargo, nuestros socios no pueden influir en nuestras calificaciones, opiniones ni recomendaciones. Nuestros equipos editoriales y de investigaci\u00f3n operan de forma independiente y no participan en la toma de decisiones publicitarias ni en la planificaci\u00f3n de campa\u00f1as. La decisi\u00f3n de utilizar plataformas de trading social, servicios de copy trading o proveedores de se\u00f1ales es responsabilidad exclusiva del inversor. Cualquier p\u00e9rdida financiera derivada de dichas decisiones es responsabilidad exclusiva del usuario.      <\/div><h2 class=\"p-rich_text_section\">Contenido hipot\u00e9tico y educativo:<\/h2><div class=\"p-rich_text_section\">Cualquier simulaci\u00f3n, backtest, tutorial o rendimiento hipot\u00e9tico mostrado en BrokerInspect es de car\u00e1cter ilustrativo. Estos ejemplos no representan resultados reales de trading y no deben interpretarse como una promesa de rentabilidad futura. Todos los ejemplos y testimonios reflejan experiencias individuales y podr\u00edan no ser representativos de resultados t\u00edpicos.  <\/div><div> <\/div><h2 class=\"p-rich_text_section\">Descargo de responsabilidad:<\/h2><p class=\"p-rich_text_section\">BrokerInspect, incluidos los miembros de su equipo, afiliados, colaboradores y socios, no ser\u00e1n responsables de ninguna p\u00e9rdida directa, indirecta, incidental o consecuente que surja del uso de este sitio web o de la confianza en su contenido.<br> Al continuar utilizando este sitio web, usted reconoce que:<\/p><p class=\"p-rich_text_section\">\u25cf Usted ha le\u00eddo y comprendido este descargo de responsabilidad.<br>\u25cf Usted acepta la plena responsabilidad de sus decisiones comerciales y de inversi\u00f3n.<br>\u25cf Usted exime a BrokerInspect de cualquier reclamo relacionado con p\u00e9rdidas financieras o da\u00f1os incurridos.<\/p><\/div><\/div><\/div><\/div><\/div><\/div><\/div><\/div><\/div><\/div><\/div><\/div><\/div><\/div><\/div><\/div><\/div><\/div><\/div><\/div><\/div><\/div><\/div>\t\t\t\t\t\t\t\t<\/div>\n\t\t\t\t<\/div>\n\t\t\t\t<\/div>\n\t\t\t\t\t<\/div>\n\t\t\t\t<\/div>\n\t\t\t\t<\/div>\n\t\t","protected":false},"excerpt":{"rendered":"<p>Riesgos y exenciones de responsabilidad Descargo de responsabilidad general: El contenido publicado en broker-inspect.com, incluyendo noticias, rese\u00f1as, an\u00e1lisis, comparativas de corredores, materiales educativos y opiniones de terceros, tiene fines exclusivamente informativos y educativos. No constituye asesoramiento financiero, de inversi\u00f3n, legal ni fiscal, ni una solicitud ni recomendaci\u00f3n para comprar, vender o mantener instrumentos financieros. Si [&hellip;]<\/p>\n","protected":false},"author":12,"featured_media":0,"parent":0,"menu_order":0,"comment_status":"closed","ping_status":"closed","template":"","meta":{"_acf_changed":false,"_gspb_post_css":"","footnotes":""},"class_list":["post-7765","page","type-page","status-publish","hentry"],"acf":[],"yoast_head":"<!-- This site is optimized with the Yoast SEO Premium plugin v23.6 (Yoast SEO v26.8) - https:\/\/yoast.com\/product\/yoast-seo-premium-wordpress\/ -->\n<title>Descargo de responsabilidad - Broker Inspect<\/title>\n<meta name=\"robots\" content=\"index, follow, max-snippet:-1, max-image-preview:large, max-video-preview:-1\" \/>\n<link rel=\"canonical\" href=\"https:\/\/broker-inspect.com\/es\/descargo-de-responsabilidad\/\" \/>\n<meta property=\"og:locale\" content=\"es_ES\" \/>\n<meta property=\"og:type\" content=\"article\" \/>\n<meta property=\"og:title\" content=\"Descargo de responsabilidad\" \/>\n<meta property=\"og:description\" content=\"Riesgos y exenciones de responsabilidad Descargo de responsabilidad general: El contenido publicado en broker-inspect.com, incluyendo noticias, rese\u00f1as, an\u00e1lisis, comparativas de corredores, materiales educativos y opiniones de terceros, tiene fines exclusivamente informativos y educativos. No constituye asesoramiento financiero, de inversi\u00f3n, legal ni fiscal, ni una solicitud ni recomendaci\u00f3n para comprar, vender o mantener instrumentos financieros. Si [&hellip;]\" \/>\n<meta property=\"og:url\" content=\"https:\/\/broker-inspect.com\/es\/descargo-de-responsabilidad\/\" \/>\n<meta property=\"og:site_name\" content=\"Broker Inspect\" \/>\n<meta name=\"twitter:card\" content=\"summary_large_image\" \/>\n<meta name=\"twitter:label1\" content=\"Tiempo de lectura\" \/>\n\t<meta name=\"twitter:data1\" content=\"3 minuto\" \/>\n<script type=\"application\/ld+json\" class=\"yoast-schema-graph\">{\"@context\":\"https:\/\/schema.org\",\"@graph\":[{\"@type\":\"WebPage\",\"@id\":\"https:\/\/broker-inspect.com\/es\/descargo-de-responsabilidad\/\",\"url\":\"https:\/\/broker-inspect.com\/es\/descargo-de-responsabilidad\/\",\"name\":\"Descargo de responsabilidad - Broker Inspect\",\"isPartOf\":{\"@id\":\"https:\/\/broker-inspect.com\/es\/#website\"},\"datePublished\":\"2025-08-28T10:17:03+00:00\",\"breadcrumb\":{\"@id\":\"https:\/\/broker-inspect.com\/es\/descargo-de-responsabilidad\/#breadcrumb\"},\"inLanguage\":\"es\",\"potentialAction\":[{\"@type\":\"ReadAction\",\"target\":[\"https:\/\/broker-inspect.com\/es\/descargo-de-responsabilidad\/\"]}]},{\"@type\":\"BreadcrumbList\",\"@id\":\"https:\/\/broker-inspect.com\/es\/descargo-de-responsabilidad\/#breadcrumb\",\"itemListElement\":[{\"@type\":\"ListItem\",\"position\":1,\"name\":\"Inicio\",\"item\":\"https:\/\/broker-inspect.com\/es\/\"},{\"@type\":\"ListItem\",\"position\":2,\"name\":\"Descargo de responsabilidad\"}]},{\"@type\":\"WebSite\",\"@id\":\"https:\/\/broker-inspect.com\/es\/#website\",\"url\":\"https:\/\/broker-inspect.com\/es\/\",\"name\":\"Broker Inspect\",\"description\":\"Expert Forex Broker Reviews &amp; Trusted Insights\",\"publisher\":{\"@id\":\"https:\/\/broker-inspect.com\/es\/#organization\"},\"potentialAction\":[{\"@type\":\"SearchAction\",\"target\":{\"@type\":\"EntryPoint\",\"urlTemplate\":\"https:\/\/broker-inspect.com\/es\/?s={search_term_string}\"},\"query-input\":{\"@type\":\"PropertyValueSpecification\",\"valueRequired\":true,\"valueName\":\"search_term_string\"}}],\"inLanguage\":\"es\"},{\"@type\":\"Organization\",\"@id\":\"https:\/\/broker-inspect.com\/es\/#organization\",\"name\":\"Broker Inspect\",\"url\":\"https:\/\/broker-inspect.com\/es\/\",\"logo\":{\"@type\":\"ImageObject\",\"inLanguage\":\"es\",\"@id\":\"https:\/\/broker-inspect.com\/es\/#\/schema\/logo\/image\/\",\"url\":\"https:\/\/broker-inspect.com\/wp-content\/uploads\/2024\/11\/brokerinspect1-Copy-Photoroom.png\",\"contentUrl\":\"https:\/\/broker-inspect.com\/wp-content\/uploads\/2024\/11\/brokerinspect1-Copy-Photoroom.png\",\"width\":400,\"height\":100,\"caption\":\"Broker Inspect\"},\"image\":{\"@id\":\"https:\/\/broker-inspect.com\/es\/#\/schema\/logo\/image\/\"}}]}<\/script>\n<!-- \/ Yoast SEO Premium plugin. -->","yoast_head_json":{"title":"Descargo de responsabilidad - Broker Inspect","robots":{"index":"index","follow":"follow","max-snippet":"max-snippet:-1","max-image-preview":"max-image-preview:large","max-video-preview":"max-video-preview:-1"},"canonical":"https:\/\/broker-inspect.com\/es\/descargo-de-responsabilidad\/","og_locale":"es_ES","og_type":"article","og_title":"Descargo de responsabilidad","og_description":"Riesgos y exenciones de responsabilidad Descargo de responsabilidad general: El contenido publicado en broker-inspect.com, incluyendo noticias, rese\u00f1as, an\u00e1lisis, comparativas de corredores, materiales educativos y opiniones de terceros, tiene fines exclusivamente informativos y educativos. No constituye asesoramiento financiero, de inversi\u00f3n, legal ni fiscal, ni una solicitud ni recomendaci\u00f3n para comprar, vender o mantener instrumentos financieros. Si [&hellip;]","og_url":"https:\/\/broker-inspect.com\/es\/descargo-de-responsabilidad\/","og_site_name":"Broker Inspect","twitter_card":"summary_large_image","twitter_misc":{"Tiempo de lectura":"3 minuto"},"schema":{"@context":"https:\/\/schema.org","@graph":[{"@type":"WebPage","@id":"https:\/\/broker-inspect.com\/es\/descargo-de-responsabilidad\/","url":"https:\/\/broker-inspect.com\/es\/descargo-de-responsabilidad\/","name":"Descargo de responsabilidad - Broker Inspect","isPartOf":{"@id":"https:\/\/broker-inspect.com\/es\/#website"},"datePublished":"2025-08-28T10:17:03+00:00","breadcrumb":{"@id":"https:\/\/broker-inspect.com\/es\/descargo-de-responsabilidad\/#breadcrumb"},"inLanguage":"es","potentialAction":[{"@type":"ReadAction","target":["https:\/\/broker-inspect.com\/es\/descargo-de-responsabilidad\/"]}]},{"@type":"BreadcrumbList","@id":"https:\/\/broker-inspect.com\/es\/descargo-de-responsabilidad\/#breadcrumb","itemListElement":[{"@type":"ListItem","position":1,"name":"Inicio","item":"https:\/\/broker-inspect.com\/es\/"},{"@type":"ListItem","position":2,"name":"Descargo de responsabilidad"}]},{"@type":"WebSite","@id":"https:\/\/broker-inspect.com\/es\/#website","url":"https:\/\/broker-inspect.com\/es\/","name":"Broker Inspect","description":"Expert Forex Broker Reviews &amp; Trusted Insights","publisher":{"@id":"https:\/\/broker-inspect.com\/es\/#organization"},"potentialAction":[{"@type":"SearchAction","target":{"@type":"EntryPoint","urlTemplate":"https:\/\/broker-inspect.com\/es\/?s={search_term_string}"},"query-input":{"@type":"PropertyValueSpecification","valueRequired":true,"valueName":"search_term_string"}}],"inLanguage":"es"},{"@type":"Organization","@id":"https:\/\/broker-inspect.com\/es\/#organization","name":"Broker Inspect","url":"https:\/\/broker-inspect.com\/es\/","logo":{"@type":"ImageObject","inLanguage":"es","@id":"https:\/\/broker-inspect.com\/es\/#\/schema\/logo\/image\/","url":"https:\/\/broker-inspect.com\/wp-content\/uploads\/2024\/11\/brokerinspect1-Copy-Photoroom.png","contentUrl":"https:\/\/broker-inspect.com\/wp-content\/uploads\/2024\/11\/brokerinspect1-Copy-Photoroom.png","width":400,"height":100,"caption":"Broker Inspect"},"image":{"@id":"https:\/\/broker-inspect.com\/es\/#\/schema\/logo\/image\/"}}]}},"_links":{"self":[{"href":"https:\/\/broker-inspect.com\/es\/wp-json\/wp\/v2\/pages\/7765","targetHints":{"allow":["GET"]}}],"collection":[{"href":"https:\/\/broker-inspect.com\/es\/wp-json\/wp\/v2\/pages"}],"about":[{"href":"https:\/\/broker-inspect.com\/es\/wp-json\/wp\/v2\/types\/page"}],"author":[{"embeddable":true,"href":"https:\/\/broker-inspect.com\/es\/wp-json\/wp\/v2\/users\/12"}],"replies":[{"embeddable":true,"href":"https:\/\/broker-inspect.com\/es\/wp-json\/wp\/v2\/comments?post=7765"}],"version-history":[{"count":1,"href":"https:\/\/broker-inspect.com\/es\/wp-json\/wp\/v2\/pages\/7765\/revisions"}],"predecessor-version":[{"id":7766,"href":"https:\/\/broker-inspect.com\/es\/wp-json\/wp\/v2\/pages\/7765\/revisions\/7766"}],"wp:attachment":[{"href":"https:\/\/broker-inspect.com\/es\/wp-json\/wp\/v2\/media?parent=7765"}],"curies":[{"name":"wp","href":"https:\/\/api.w.org\/{rel}","templated":true}]}}